{"id":93,"date":"2022-12-21T15:54:17","date_gmt":"2022-12-21T15:54:17","guid":{"rendered":"https:\/\/brettspiel.cdn.eu.com\/?page_id=93"},"modified":"2023-01-13T13:55:46","modified_gmt":"2023-01-13T13:55:46","slug":"rio-grande-3","status":"publish","type":"page","link":"https:\/\/escapar.cdn.eu.com\/?page_id=93","title":{"rendered":"rio grande 3"},"content":{"rendered":"\n<h3 class=\"has-text-align-center wp-block-heading\">Der lange Weg<\/h3>\n\n\n\n<figure class=\"wp-block-image size-full\"><img loading=\"lazy\" decoding=\"async\" width=\"808\" height=\"455\" src=\"https:\/\/escapar.cdn.eu.com\/wp-content\/uploads\/2022\/12\/image-2.png\" alt=\"\" class=\"wp-image-94\" srcset=\"https:\/\/escapar.cdn.eu.com\/wp-content\/uploads\/2022\/12\/image-2.png 808w, https:\/\/escapar.cdn.eu.com\/wp-content\/uploads\/2022\/12\/image-2-300x169.png 300w, https:\/\/escapar.cdn.eu.com\/wp-content\/uploads\/2022\/12\/image-2-768x432.png 768w\" sizes=\"auto, (max-width: 808px) 100vw, 808px\" \/><\/figure>\n\n\n\n<p>Sie fliehen vor Gewalt und Armut in ihren Heimatl\u00e4ndern und hoffen auf ein besseres Leben. Mehr als tausend Kilometer liegen bereits hinter ihnen. Dann trennt nur noch der Rio Grande die Fl\u00fcchtlinge und Migranten von dem ersehnten Ziel.<\/p>\n\n\n\n<h3 class=\"has-text-align-center wp-block-heading\">Der Fluss als t\u00f6dliche Gefahr<\/h3>\n\n\n\n<figure class=\"wp-block-image size-full\"><img loading=\"lazy\" decoding=\"async\" width=\"940\" height=\"529\" src=\"https:\/\/escapar.cdn.eu.com\/wp-content\/uploads\/2022\/12\/image-3.png\" alt=\"\" class=\"wp-image-95\" srcset=\"https:\/\/escapar.cdn.eu.com\/wp-content\/uploads\/2022\/12\/image-3.png 940w, https:\/\/escapar.cdn.eu.com\/wp-content\/uploads\/2022\/12\/image-3-300x169.png 300w, https:\/\/escapar.cdn.eu.com\/wp-content\/uploads\/2022\/12\/image-3-768x432.png 768w\" sizes=\"auto, (max-width: 940px) 100vw, 940px\" \/><\/figure>\n\n\n\n<p>Ladi aus Honduras und ihr vierj\u00e4hriger Neffe haben es geschafft. Sie erklimmen die Uferb\u00f6schung auf der US-Seite. So viel Gl\u00fcck haben nicht alle Migranten. Der Rio Grande ist zwar an vielen Stellen nicht sehr breit, aber dennoch t\u00fcckisch. Im Juni sorgte das Foto eines ertrunkenen Vaters und seiner knapp zweij\u00e4hrigen Tochter weltweit f\u00fcr Ersch\u00fctterung: Sie wurden von der Str\u00f6mung mitgerissen.<\/p>\n\n\n\n<p>Neben der St\u00f6mung stellen auch zahlreiche US-amerikanische Grenzsoldaten eine Gefahr dar, die nicht z\u00f6gern, auf die Migranten zu schie\u00dfen. Um zu \u00fcberleben ist es deshalb essenziell, einen Schleuser zu finden, der einen m\u00f6glichst sicheren Weg kennt.<\/p>\n\n\n\n<h3 class=\"has-text-align-center wp-block-heading\">Nat\u00fcrliche Grenze<\/h3>\n\n\n\n<figure class=\"wp-block-image size-full\"><img loading=\"lazy\" decoding=\"async\" width=\"940\" height=\"529\" src=\"https:\/\/escapar.cdn.eu.com\/wp-content\/uploads\/2022\/12\/image-4.png\" alt=\"\" class=\"wp-image-96\" srcset=\"https:\/\/escapar.cdn.eu.com\/wp-content\/uploads\/2022\/12\/image-4.png 940w, https:\/\/escapar.cdn.eu.com\/wp-content\/uploads\/2022\/12\/image-4-300x169.png 300w, https:\/\/escapar.cdn.eu.com\/wp-content\/uploads\/2022\/12\/image-4-768x432.png 768w\" sizes=\"auto, (max-width: 940px) 100vw, 940px\" \/><\/figure>\n\n\n\n<p>Auf knapp 2020 Kilometern verl\u00e4uft die Grenze zwischen den USA und Mexiko entlang des Rio Grande. Das entspricht fast zwei Drittel der Gesamtl\u00e4nge der Grenze zwischen den beiden Staaten. Diese Menschen setzten im Mai bei Los Ebanos \u00fcber.<\/p>\n\n\n\n<h3 class=\"has-text-align-center wp-block-heading\">Perfide Methoden der Schleuser<\/h3>\n\n\n\n<figure class=\"wp-block-image size-full\"><img loading=\"lazy\" decoding=\"async\" width=\"940\" height=\"529\" src=\"https:\/\/escapar.cdn.eu.com\/wp-content\/uploads\/2022\/12\/image-5.png\" alt=\"\" class=\"wp-image-97\" srcset=\"https:\/\/escapar.cdn.eu.com\/wp-content\/uploads\/2022\/12\/image-5.png 940w, https:\/\/escapar.cdn.eu.com\/wp-content\/uploads\/2022\/12\/image-5-300x169.png 300w, https:\/\/escapar.cdn.eu.com\/wp-content\/uploads\/2022\/12\/image-5-768x432.png 768w\" sizes=\"auto, (max-width: 940px) 100vw, 940px\" \/><\/figure>\n\n\n\n<p>Es gibt Zeiten, in denen viele Familien den Weg in die USA suchen, wie die 16-j\u00e4hrige Gabriella aus Honduras (Mitte unten) mit ihrem Baby. Schleuser nutzen das aus, wie US-Grenzsch\u00fctzer berichten. Manchmal w\u00fcrden die Schleuser eines der Kinder als Geisel festhalten und damit drohen, es in den Fluss zu werfen, sollten die Sicherheitskr\u00e4fte zu nahe kommen.<\/p>\n\n\n\n<h3 class=\"has-text-align-center wp-block-heading\">Ein Teil der Mauer steht<\/h3>\n\n\n\n<figure class=\"wp-block-image size-full\"><img loading=\"lazy\" decoding=\"async\" width=\"940\" height=\"529\" src=\"https:\/\/escapar.cdn.eu.com\/wp-content\/uploads\/2022\/12\/image-6.png\" alt=\"\" class=\"wp-image-98\" srcset=\"https:\/\/escapar.cdn.eu.com\/wp-content\/uploads\/2022\/12\/image-6.png 940w, https:\/\/escapar.cdn.eu.com\/wp-content\/uploads\/2022\/12\/image-6-300x169.png 300w, https:\/\/escapar.cdn.eu.com\/wp-content\/uploads\/2022\/12\/image-6-768x432.png 768w\" sizes=\"auto, (max-width: 940px) 100vw, 940px\" \/><\/figure>\n\n\n\n<p>Um die illegale Einwanderung einzuschr\u00e4nken, war eines der zentralen Wahlversprechen von Pr\u00e4sident Trump der Bau einer Mauer zu Mexiko. Das Projekt geriet immer wieder ins Stocken. Anfang 2020 machte aber ein Unternehmer N\u00e4gel mit K\u00f6pfen: In der N\u00e4he des Ortes Mission lie\u00df er auf knapp f\u00fcnf Kilometern entlang des Rio Grande einen hohen Zaun bauen &#8211; privat finanziert.<\/p>\n\n\n\n<hr class=\"wp-block-separator has-alpha-channel-opacity\"\/>\n\n\n\n<div class=\"wp-block-buttons is-content-justification-center is-layout-flex wp-container-core-buttons-is-layout-a89b3969 wp-block-buttons-is-layout-flex\">\n<div class=\"wp-block-button\"><a class=\"wp-block-button__link wp-element-button\" href=\"http:\/\/karte.escapar.cdn.eu.com\">N\u00e4chste Karte<\/a><\/div>\n<\/div>\n\n\n\n<figure class=\"wp-block-table is-style-stripes\"><table><tbody><tr><td><strong>Quelle<\/strong><\/td><\/tr><tr><td>Uta Steinwehr \/ Adrees Latif: Migration: \u00dcber den Rio Grande in ein besseres Leben?, https:\/\/www.dw.com\/de\/migration-%C3%BCber-den-rio-grande-in-ein-besseres-leben\/g-52948497 [Stand: 21.12.2022]<\/td><\/tr><\/tbody><\/table><\/figure>\n","protected":false},"excerpt":{"rendered":"<p>Der lange Weg Sie fliehen vor Gewalt und Armut in ihren Heimatl\u00e4ndern und hoffen auf ein besseres Leben. Mehr als tausend Kilometer liegen bereits hinter ihnen. Dann trennt nur noch der Rio Grande die Fl\u00fcchtlinge und Migranten von dem ersehnten Ziel. Der Fluss als t\u00f6dliche Gefahr Ladi aus Honduras und ihr vierj\u00e4hriger Neffe haben es [&hellip;]<\/p>\n","protected":false},"author":2,"featured_media":0,"parent":0,"menu_order":0,"comment_status":"closed","ping_status":"closed","template":"","meta":{"footnotes":""},"class_list":["post-93","page","type-page","status-publish","hentry"],"_links":{"self":[{"href":"https:\/\/escapar.cdn.eu.com\/index.php?rest_route=\/wp\/v2\/pages\/93","targetHints":{"allow":["GET"]}}],"collection":[{"href":"https:\/\/escapar.cdn.eu.com\/index.php?rest_route=\/wp\/v2\/pages"}],"about":[{"href":"https:\/\/escapar.cdn.eu.com\/index.php?rest_route=\/wp\/v2\/types\/page"}],"author":[{"embeddable":true,"href":"https:\/\/escapar.cdn.eu.com\/index.php?rest_route=\/wp\/v2\/users\/2"}],"replies":[{"embeddable":true,"href":"https:\/\/escapar.cdn.eu.com\/index.php?rest_route=%2Fwp%2Fv2%2Fcomments&post=93"}],"version-history":[{"count":8,"href":"https:\/\/escapar.cdn.eu.com\/index.php?rest_route=\/wp\/v2\/pages\/93\/revisions"}],"predecessor-version":[{"id":214,"href":"https:\/\/escapar.cdn.eu.com\/index.php?rest_route=\/wp\/v2\/pages\/93\/revisions\/214"}],"wp:attachment":[{"href":"https:\/\/escapar.cdn.eu.com\/index.php?rest_route=%2Fwp%2Fv2%2Fmedia&parent=93"}],"curies":[{"name":"wp","href":"https:\/\/api.w.org\/{rel}","templated":true}]}}