{"id":89,"date":"2022-12-21T15:45:58","date_gmt":"2022-12-21T15:45:58","guid":{"rendered":"https:\/\/brettspiel.cdn.eu.com\/?page_id=89"},"modified":"2023-01-09T19:28:03","modified_gmt":"2023-01-09T19:28:03","slug":"die-sonora-wueste","status":"publish","type":"page","link":"https:\/\/escapar.cdn.eu.com\/?page_id=89","title":{"rendered":"die sonora-wueste"},"content":{"rendered":"\n<p>W\u00e4hrend gro\u00dfe Teile der US-mexikanischen Grenze streng bewacht werden, etwa durch einen Grenzzaun in Kalifornien oder durch Grenzsoldaten am Rio Grande, ist es in der Sonora-W\u00fcste umso einfacher, in die USA zu gelangen; einen Grenzzaun findet man hier nur an einzelnen Stellen. Die Gegend ist ziemlich verlassen und wird kaum dokumentiert, eine Bewachung der Grenze seitens der USA findet auch nicht statt \u2013 umso attraktiver scheint das \u00dcbertreten \u00fcber die Sonora-W\u00fcste.<\/p>\n\n\n\n<figure class=\"wp-block-image aligncenter size-full is-resized\"><img loading=\"lazy\" decoding=\"async\" src=\"https:\/\/escapar.cdn.eu.com\/wp-content\/uploads\/2022\/12\/image.png\" alt=\"\" class=\"wp-image-90\" width=\"359\" height=\"414\" srcset=\"https:\/\/escapar.cdn.eu.com\/wp-content\/uploads\/2022\/12\/image.png 359w, https:\/\/escapar.cdn.eu.com\/wp-content\/uploads\/2022\/12\/image-260x300.png 260w\" sizes=\"auto, (max-width: 359px) 100vw, 359px\" \/><\/figure>\n\n\n\n<p>Neben der extremen Hitze und fehlendem Trinkwasser lauert dort allerdings noch eine weitere Gefahr: Verbrechersyndikate. Immer wieder werden Migranten in dem schwer zug\u00e4nglichen Gebiet von Menschenh\u00e4ndlern entf\u00fchrt und festgehalten \u2013 die Hoffnung auf Rettung wird in den meisten F\u00e4llen nicht erf\u00fcllt, da hiesige Polizisten meist an den kriminellen Gesch\u00e4ften beteiligt sind. Folglich ist Vorsicht geboten!<\/p>\n\n\n\n<figure class=\"wp-block-image aligncenter size-full\"><img loading=\"lazy\" decoding=\"async\" width=\"594\" height=\"396\" src=\"https:\/\/escapar.cdn.eu.com\/wp-content\/uploads\/2022\/12\/image-1.png\" alt=\"\" class=\"wp-image-91\" srcset=\"https:\/\/escapar.cdn.eu.com\/wp-content\/uploads\/2022\/12\/image-1.png 594w, https:\/\/escapar.cdn.eu.com\/wp-content\/uploads\/2022\/12\/image-1-300x200.png 300w\" sizes=\"auto, (max-width: 594px) 100vw, 594px\" \/><figcaption class=\"wp-element-caption\">Ein Polizist bewacht die Gegend, wo Kriminelle Migranten festhalten, die \u00fcber die Grenze wollen.<\/figcaption><\/figure>\n\n\n\n<hr class=\"wp-block-separator has-alpha-channel-opacity\"\/>\n\n\n\n<p><strong>Um nicht in die F\u00e4nge von Kriminellen zu geraten, wollt ihr euch in der Sonora-W\u00fcste bedachter bewegen. Deshalb m\u00fcsst ihr von nun an nach jedem Zug auf ein W\u00fcstenfeld 1x Aussetzen.<\/strong><\/p>\n\n\n\n<p><strong>Da die Grenze in diesem Bereich unbewacht ist, kann sie \u00fcber die beiden W\u00fcstenfelder an der Grenze zu Arizona bzw. New Mexiko \u00fcbertreten werden. Hierf\u00fcr ist keine Geldkarte erforderlich.<\/strong><\/p>\n\n\n\n<hr class=\"wp-block-separator has-alpha-channel-opacity\"\/>\n\n\n\n<div class=\"wp-block-buttons is-content-justification-center is-layout-flex wp-container-core-buttons-is-layout-a89b3969 wp-block-buttons-is-layout-flex\">\n<div class=\"wp-block-button\"><a class=\"wp-block-button__link wp-element-button\" href=\"http:\/\/karte.escapar.cdn.eu.com\">N\u00e4chste Karte<\/a><\/div>\n<\/div>\n\n\n\n<figure class=\"wp-block-table is-style-stripes\"><table><tbody><tr><td><strong>Quellen<\/strong><\/td><\/tr><tr><td>Ojeda, Daniel: Entf\u00fchrt und erpresst: Diesen Horror machen Migranten auf dem Weg in die USA durch, https:\/\/www.vice.com\/de\/article\/qv3p9w\/entfuhrt-und-erpresst-diesen-horror-machen-migranten-auf-dem-weg-in-die-usa-durch [Stand: 21.12.2022]<\/td><\/tr><tr><td>Paul Mirocha Design: The Sonoran Desert Map, https:\/\/paulmirocha.com\/project\/the-sonoran-desert-and-range-of-the-saguaro-cactus\/ [Stand: 21.12.2022]<\/td><\/tr><\/tbody><\/table><\/figure>\n","protected":false},"excerpt":{"rendered":"<p>W\u00e4hrend gro\u00dfe Teile der US-mexikanischen Grenze streng bewacht werden, etwa durch einen Grenzzaun in Kalifornien oder durch Grenzsoldaten am Rio Grande, ist es in der Sonora-W\u00fcste umso einfacher, in die USA zu gelangen; einen Grenzzaun findet man hier nur an einzelnen Stellen. Die Gegend ist ziemlich verlassen und wird kaum dokumentiert, eine Bewachung der Grenze [&hellip;]<\/p>\n","protected":false},"author":2,"featured_media":0,"parent":0,"menu_order":0,"comment_status":"closed","ping_status":"closed","template":"","meta":{"footnotes":""},"class_list":["post-89","page","type-page","status-publish","hentry"],"_links":{"self":[{"href":"https:\/\/escapar.cdn.eu.com\/index.php?rest_route=\/wp\/v2\/pages\/89","targetHints":{"allow":["GET"]}}],"collection":[{"href":"https:\/\/escapar.cdn.eu.com\/index.php?rest_route=\/wp\/v2\/pages"}],"about":[{"href":"https:\/\/escapar.cdn.eu.com\/index.php?rest_route=\/wp\/v2\/types\/page"}],"author":[{"embeddable":true,"href":"https:\/\/escapar.cdn.eu.com\/index.php?rest_route=\/wp\/v2\/users\/2"}],"replies":[{"embeddable":true,"href":"https:\/\/escapar.cdn.eu.com\/index.php?rest_route=%2Fwp%2Fv2%2Fcomments&post=89"}],"version-history":[{"count":6,"href":"https:\/\/escapar.cdn.eu.com\/index.php?rest_route=\/wp\/v2\/pages\/89\/revisions"}],"predecessor-version":[{"id":175,"href":"https:\/\/escapar.cdn.eu.com\/index.php?rest_route=\/wp\/v2\/pages\/89\/revisions\/175"}],"wp:attachment":[{"href":"https:\/\/escapar.cdn.eu.com\/index.php?rest_route=%2Fwp%2Fv2%2Fmedia&parent=89"}],"curies":[{"name":"wp","href":"https:\/\/api.w.org\/{rel}","templated":true}]}}