{"id":8,"date":"2022-10-21T19:30:32","date_gmt":"2022-10-21T19:30:32","guid":{"rendered":"https:\/\/brettspiel.cdn.eu.com\/?page_id=8"},"modified":"2023-01-13T16:26:42","modified_gmt":"2023-01-13T16:26:42","slug":"polizeigewalt","status":"publish","type":"page","link":"https:\/\/escapar.cdn.eu.com\/?page_id=8","title":{"rendered":"polizeigewalt"},"content":{"rendered":"\n<p>Wenn das Gehalt nicht reicht, muss Geld anderweitig her. Obgleich die zahlreichen zentralamerikanischen Migranten \u2013 die sich Jahr f\u00fcr Jahr auf den Weg in die USA machen \u2013 in Mexiko organsiertem Verbrechen ausgesetzt sind, ist die Polizei keine Institution des Schutzes.<\/p>\n\n\n\n<p>Die Menschenrechtsorganisation Amnesty International macht darauf aufmerksam, dass mexikanische Polizisten Migranten als \u201eBelohnung\u201c f\u00fcr Nicht-Verhaftung regelm\u00e4\u00dfig ausrauben. Gerade f\u00fcr Frauen entsteht ein hohes Gefahrenpotenzial, denn diese m\u00fcssen sich vor sexuellem Missbrauch f\u00fcrchten.<\/p>\n\n\n\n<p>Betroffene k\u00f6nnen aufgrund ihres Status keine rechtlichen Schritte einleiten, und selbst wenn: Vergehen und Verbrechen der Polizei genie\u00dfen bei lokalen und Bundesbeh\u00f6rden eine niedrige Priorit\u00e4t. Die Dunkelziffer ist entsprechend gro\u00df.<\/p>\n\n\n\n<hr class=\"wp-block-separator has-alpha-channel-opacity\"\/>\n\n\n\n<p><strong>Auf der Nahrungssuche haben dich in einer Seitengasse zwei Polizisten aufgehalten.<\/strong><\/p>\n\n\n\n<p><strong>Wenn du eine Geldkarte besitzt, rauben die Polizisten sie dir<\/strong> <strong>(Geldkarte weglegen).<\/strong><\/p>\n\n\n\n<p><strong>Kannst du ihnen keine geben, werden sie w\u00fctend und schlagen dich nieder. W\u00e4hrend du bewusstlos bist, wirst du von einem Krankenpfleger gefunden. Er nimmt dich mit zu sich nach Hause, wo er dich versorgt. Stelle deine Figur in die Stadt Le\u00f3n.<\/strong><\/p>\n\n\n\n<hr class=\"wp-block-separator has-alpha-channel-opacity\"\/>\n\n\n\n<div class=\"wp-block-buttons is-content-justification-center is-layout-flex wp-container-core-buttons-is-layout-a89b3969 wp-block-buttons-is-layout-flex\">\n<div class=\"wp-block-button\"><a class=\"wp-block-button__link wp-element-button\" href=\"http:\/\/karte.escapar.cdn.eu.com\">N\u00e4chste Karte<\/a><\/div>\n<\/div>\n\n\n\n<figure class=\"wp-block-table is-style-stripes\"><table><tbody><tr><td><strong>Quellen<\/strong><\/td><\/tr><tr><td><em>Reinhardt, Dirk: Train Kids, 2017.<\/em><\/td><\/tr><tr><td><em>Ehringfeld, Klaus: Vergewaltigt und ausgeraubt, https:\/\/www.fr.de\/politik\/vergewaltigt-ausgeraubt-11672309.html [Stand: 16.08.2022].<\/em><\/td><\/tr><\/tbody><\/table><\/figure>\n","protected":false},"excerpt":{"rendered":"<p>Wenn das Gehalt nicht reicht, muss Geld anderweitig her. Obgleich die zahlreichen zentralamerikanischen Migranten \u2013 die sich Jahr f\u00fcr Jahr auf den Weg in die USA machen \u2013 in Mexiko organsiertem Verbrechen ausgesetzt sind, ist die Polizei keine Institution des Schutzes. Die Menschenrechtsorganisation Amnesty International macht darauf aufmerksam, dass mexikanische Polizisten Migranten als \u201eBelohnung\u201c f\u00fcr [&hellip;]<\/p>\n","protected":false},"author":2,"featured_media":0,"parent":0,"menu_order":0,"comment_status":"closed","ping_status":"closed","template":"","meta":{"footnotes":""},"class_list":["post-8","page","type-page","status-publish","hentry"],"_links":{"self":[{"href":"https:\/\/escapar.cdn.eu.com\/index.php?rest_route=\/wp\/v2\/pages\/8","targetHints":{"allow":["GET"]}}],"collection":[{"href":"https:\/\/escapar.cdn.eu.com\/index.php?rest_route=\/wp\/v2\/pages"}],"about":[{"href":"https:\/\/escapar.cdn.eu.com\/index.php?rest_route=\/wp\/v2\/types\/page"}],"author":[{"embeddable":true,"href":"https:\/\/escapar.cdn.eu.com\/index.php?rest_route=\/wp\/v2\/users\/2"}],"replies":[{"embeddable":true,"href":"https:\/\/escapar.cdn.eu.com\/index.php?rest_route=%2Fwp%2Fv2%2Fcomments&post=8"}],"version-history":[{"count":6,"href":"https:\/\/escapar.cdn.eu.com\/index.php?rest_route=\/wp\/v2\/pages\/8\/revisions"}],"predecessor-version":[{"id":221,"href":"https:\/\/escapar.cdn.eu.com\/index.php?rest_route=\/wp\/v2\/pages\/8\/revisions\/221"}],"wp:attachment":[{"href":"https:\/\/escapar.cdn.eu.com\/index.php?rest_route=%2Fwp%2Fv2%2Fmedia&parent=8"}],"curies":[{"name":"wp","href":"https:\/\/api.w.org\/{rel}","templated":true}]}}