{"id":73,"date":"2022-12-11T10:34:07","date_gmt":"2022-12-11T10:34:07","guid":{"rendered":"https:\/\/brettspiel.cdn.eu.com\/?page_id=73"},"modified":"2023-01-04T21:41:29","modified_gmt":"2023-01-04T21:41:29","slug":"trump","status":"publish","type":"page","link":"https:\/\/escapar.cdn.eu.com\/?page_id=73","title":{"rendered":"trump"},"content":{"rendered":"\n<p><\/p>\n\n\n\n<p>Die Migrationsbewegung in ganz Lateinamerika wurde medial erst sichtbar, als US-Pr\u00e4sident Trump w\u00e4hrend seiner Wahlkampagnen im Jahr 2016 an dieser d\u00fcnnen Linie zwischen dem &#8211; aus Sicht der Fl\u00fcchtlinge \u201eertr\u00e4umten Paradies\u201c &#8211; USA und Mexiko in besonderer Weise mit stimmenheischenden und extrem fremdenfeindlichen Spr\u00fcchen auf W\u00e4hlerfang ging. Unter seinen Anh\u00e4ngern sch\u00fcrte dies Furcht vor \u00dcberfremdung, Jobverlust und die Angst vor Vergewaltigungen und Verbrechen von Latinos.<\/p>\n\n\n\n<p>So sehr Trump sich damit zum Retter der Nation gerieren wollte, hat er sich doch lediglich in die politische Tradition seiner Vorg\u00e4nger gestellt, die weit in die Geschichte der USA reicht. Aus der Sicht des Journalisten und Buchautors Daniel Denvir kr\u00f6nt Trump mit seinem Spruch \u201eBuild the wall\u201c und seinen deklassierenden \u00c4u\u00dferungen \u00fcber Ausl\u00e4ndern offen und unverbl\u00fcmt ein ganzes Jahrhundert einer nativistischen Ideologie in der Politik der USA. Im Bestreben, die USA als <em>wei\u00dfes<\/em> Land f\u00fcr <em>wei\u00dfe<\/em> Menschen zu sichern, haben alle Vorg\u00e4nger Trumps bereits mehr Mauern, Z\u00e4une und K\u00e4fige gebaut, als er selbst je wird bauen k\u00f6nnen. Gro\u00dfe Teile der Grenze haben sich bereits seit Jahren mit dem \u201efencing\u201c (Zaun, Umz\u00e4unung) unterschiedlichster Gestalt bew\u00e4hrt. Seit 1924 haben alle US-Regierungen Ma\u00dfnahmen erlassen, um die Grenze mit b\u00fcrokratischen und zunehmend milit\u00e4risch bew\u00e4hrten Abschottungsprogrammen zu kontrollieren.<\/p>\n\n\n\n<figure class=\"wp-block-image size-full\"><img loading=\"lazy\" decoding=\"async\" width=\"624\" height=\"312\" src=\"https:\/\/escapar.cdn.eu.com\/wp-content\/uploads\/2022\/12\/Demonstrant-gegen-Trump.jpeg\" alt=\"\" class=\"wp-image-74\" srcset=\"https:\/\/escapar.cdn.eu.com\/wp-content\/uploads\/2022\/12\/Demonstrant-gegen-Trump.jpeg 624w, https:\/\/escapar.cdn.eu.com\/wp-content\/uploads\/2022\/12\/Demonstrant-gegen-Trump-300x150.jpeg 300w\" sizes=\"auto, (max-width: 624px) 100vw, 624px\" \/><figcaption class=\"wp-element-caption\">Ein Demonstrant h\u00e4lt ein Plakat w\u00e4hrend eines Protestes gegen den Besuch des republikanischen US-Pr\u00e4sidentschaftskandidaten Donald Trump am Denkmal des Engels der Unabh\u00e4ngigkeit in Mexiko-Stadt, Mexiko, 31. August 2016.<\/figcaption><\/figure>\n\n\n\n<hr class=\"wp-block-separator has-alpha-channel-opacity\"\/>\n\n\n\n<div class=\"wp-block-buttons is-content-justification-center is-layout-flex wp-container-core-buttons-is-layout-a89b3969 wp-block-buttons-is-layout-flex\">\n<div class=\"wp-block-button\"><a class=\"wp-block-button__link wp-element-button\" href=\"http:\/\/karte.escapar.cdn.eu.com\">N\u00e4chste Karte<\/a><\/div>\n<\/div>\n\n\n\n<figure class=\"wp-block-table is-style-stripes\"><table><tbody><tr><td><strong>Quellen<\/strong><\/td><\/tr><tr><td>Mar\u00eda-Eugenia L\u00fcttmann: Die Grenze zwischen Mexiko und den USA, in: Friedensforum, 1\/2021. <\/td><\/tr><tr><td>FAZ (Hrsg.): Donald Trump in Mexiko. Zu Besuch beim b\u00f6sen Nachbarn, https:\/\/taz.de\/Donald-Trump-in-Mexiko\/!5336603\/ [Stand: 10.12.2022].<\/td><\/tr><\/tbody><\/table><\/figure>\n","protected":false},"excerpt":{"rendered":"<p>Die Migrationsbewegung in ganz Lateinamerika wurde medial erst sichtbar, als US-Pr\u00e4sident Trump w\u00e4hrend seiner Wahlkampagnen im Jahr 2016 an dieser d\u00fcnnen Linie zwischen dem &#8211; aus Sicht der Fl\u00fcchtlinge \u201eertr\u00e4umten Paradies\u201c &#8211; USA und Mexiko in besonderer Weise mit stimmenheischenden und extrem fremdenfeindlichen Spr\u00fcchen auf W\u00e4hlerfang ging. Unter seinen Anh\u00e4ngern sch\u00fcrte dies Furcht vor \u00dcberfremdung, [&hellip;]<\/p>\n","protected":false},"author":2,"featured_media":0,"parent":0,"menu_order":0,"comment_status":"closed","ping_status":"closed","template":"","meta":{"footnotes":""},"class_list":["post-73","page","type-page","status-publish","hentry"],"_links":{"self":[{"href":"https:\/\/escapar.cdn.eu.com\/index.php?rest_route=\/wp\/v2\/pages\/73","targetHints":{"allow":["GET"]}}],"collection":[{"href":"https:\/\/escapar.cdn.eu.com\/index.php?rest_route=\/wp\/v2\/pages"}],"about":[{"href":"https:\/\/escapar.cdn.eu.com\/index.php?rest_route=\/wp\/v2\/types\/page"}],"author":[{"embeddable":true,"href":"https:\/\/escapar.cdn.eu.com\/index.php?rest_route=\/wp\/v2\/users\/2"}],"replies":[{"embeddable":true,"href":"https:\/\/escapar.cdn.eu.com\/index.php?rest_route=%2Fwp%2Fv2%2Fcomments&post=73"}],"version-history":[{"count":4,"href":"https:\/\/escapar.cdn.eu.com\/index.php?rest_route=\/wp\/v2\/pages\/73\/revisions"}],"predecessor-version":[{"id":156,"href":"https:\/\/escapar.cdn.eu.com\/index.php?rest_route=\/wp\/v2\/pages\/73\/revisions\/156"}],"wp:attachment":[{"href":"https:\/\/escapar.cdn.eu.com\/index.php?rest_route=%2Fwp%2Fv2%2Fmedia&parent=73"}],"curies":[{"name":"wp","href":"https:\/\/api.w.org\/{rel}","templated":true}]}}