{"id":50,"date":"2022-10-21T20:23:56","date_gmt":"2022-10-21T20:23:56","guid":{"rendered":"https:\/\/brettspiel.cdn.eu.com\/?page_id=50"},"modified":"2023-01-13T13:52:21","modified_gmt":"2023-01-13T13:52:21","slug":"illegales-zugfahren","status":"publish","type":"page","link":"https:\/\/escapar.cdn.eu.com\/?page_id=50","title":{"rendered":"illegales zugfahren"},"content":{"rendered":"\n<p>Als die Sonne schon untergeht, findest du endlich einen Platz zum Schlafen. Abseits der Stadt hast du ein altes Industriegeb\u00e4ude gefunden, welches du jetzt betrittst. In einem Nebenraum begr\u00fc\u00dft dich eine Gruppe von Migranten, welche dir etwas Brot anbieten, als du dich zu ihnen setzt.<\/p>\n\n\n\n<p>Du h\u00f6rst zu, wie sie ihr weiteres Vorgehen auf der Reise in den Norden planen und sie erkl\u00e4ren dir, dass der schnellste Weg, um voranzukommen, der Zug ist. Leider ist er aber auch der Gef\u00e4hrlichste, denn Un- und Vorf\u00e4lle sind sehr wahrscheinlich.<\/p>\n\n\n\n<p>Dennoch beschlie\u00dft du, am n\u00e4chsten Tag ein St\u00fcck mit ihnen mitzufahren.<\/p>\n\n\n\n<p>Noch vor der D\u00e4mmerung geht ihr zum G\u00fcterbahnhof und versteckt euch unter Wellblech neben den Schienen. Nach kurzer Zeit h\u00f6rt ihr einen Zug pfeifen. Einer deiner Begleiter sagt, es m\u00fcsse nun schnell gehen. Als der Zug n\u00e4herkommt, rennt ihr parallel der Schienen los. Der Zug ist langsam genug, um sich an den Wagons festzugreifen, ehe ihr an ihnen hochklettert und euch auf die D\u00e4cher setzt.<\/p>\n\n\n\n<p>Ihr habt es geschafft!<\/p>\n\n\n\n<p><strong>Du darfst zwei Felder weiter r\u00fccken.<\/strong><\/p>\n\n\n\n<div class=\"wp-block-buttons is-content-justification-center is-layout-flex wp-container-core-buttons-is-layout-a89b3969 wp-block-buttons-is-layout-flex\">\n<div class=\"wp-block-button\"><a class=\"wp-block-button__link wp-element-button\" href=\"http:\/\/karte.escapar.cdn.eu.com\">N\u00e4chste Karte<\/a><\/div>\n<\/div>\n","protected":false},"excerpt":{"rendered":"<p>Als die Sonne schon untergeht, findest du endlich einen Platz zum Schlafen. Abseits der Stadt hast du ein altes Industriegeb\u00e4ude gefunden, welches du jetzt betrittst. In einem Nebenraum begr\u00fc\u00dft dich eine Gruppe von Migranten, welche dir etwas Brot anbieten, als du dich zu ihnen setzt. Du h\u00f6rst zu, wie sie ihr weiteres Vorgehen auf der [&hellip;]<\/p>\n","protected":false},"author":2,"featured_media":0,"parent":0,"menu_order":0,"comment_status":"closed","ping_status":"closed","template":"","meta":{"footnotes":""},"class_list":["post-50","page","type-page","status-publish","hentry"],"_links":{"self":[{"href":"https:\/\/escapar.cdn.eu.com\/index.php?rest_route=\/wp\/v2\/pages\/50","targetHints":{"allow":["GET"]}}],"collection":[{"href":"https:\/\/escapar.cdn.eu.com\/index.php?rest_route=\/wp\/v2\/pages"}],"about":[{"href":"https:\/\/escapar.cdn.eu.com\/index.php?rest_route=\/wp\/v2\/types\/page"}],"author":[{"embeddable":true,"href":"https:\/\/escapar.cdn.eu.com\/index.php?rest_route=\/wp\/v2\/users\/2"}],"replies":[{"embeddable":true,"href":"https:\/\/escapar.cdn.eu.com\/index.php?rest_route=%2Fwp%2Fv2%2Fcomments&post=50"}],"version-history":[{"count":4,"href":"https:\/\/escapar.cdn.eu.com\/index.php?rest_route=\/wp\/v2\/pages\/50\/revisions"}],"predecessor-version":[{"id":210,"href":"https:\/\/escapar.cdn.eu.com\/index.php?rest_route=\/wp\/v2\/pages\/50\/revisions\/210"}],"wp:attachment":[{"href":"https:\/\/escapar.cdn.eu.com\/index.php?rest_route=%2Fwp%2Fv2%2Fmedia&parent=50"}],"curies":[{"name":"wp","href":"https:\/\/api.w.org\/{rel}","templated":true}]}}