{"id":47,"date":"2022-10-21T20:22:55","date_gmt":"2022-10-21T20:22:55","guid":{"rendered":"https:\/\/brettspiel.cdn.eu.com\/?page_id=47"},"modified":"2023-01-13T16:58:04","modified_gmt":"2023-01-13T16:58:04","slug":"gefahren-einer-zugreise","status":"publish","type":"page","link":"https:\/\/escapar.cdn.eu.com\/?page_id=47","title":{"rendered":"gefahren einer zugreise"},"content":{"rendered":"\n<figure class=\"wp-block-image aligncenter size-large is-resized\"><img loading=\"lazy\" decoding=\"async\" src=\"https:\/\/escapar.cdn.eu.com\/wp-content\/uploads\/2022\/10\/Gefahren-einer-Zugreise-1024x578.png\" alt=\"\" class=\"wp-image-48\" width=\"682\" height=\"384\" srcset=\"https:\/\/escapar.cdn.eu.com\/wp-content\/uploads\/2022\/10\/Gefahren-einer-Zugreise-1024x578.png 1024w, https:\/\/escapar.cdn.eu.com\/wp-content\/uploads\/2022\/10\/Gefahren-einer-Zugreise-300x169.png 300w, https:\/\/escapar.cdn.eu.com\/wp-content\/uploads\/2022\/10\/Gefahren-einer-Zugreise-768x433.png 768w, https:\/\/escapar.cdn.eu.com\/wp-content\/uploads\/2022\/10\/Gefahren-einer-Zugreise.png 1280w\" sizes=\"auto, (max-width: 682px) 100vw, 682px\" \/><\/figure>\n\n\n\n<hr class=\"wp-block-separator has-alpha-channel-opacity\"\/>\n\n\n\n<p><strong>Bei deiner letzten Zugfahrt hast du dir beim Abspringen den Fu\u00df umgeknickt. Auch wenn die Schmerzen am Anfang aushaltbar waren, sind sie inzwischen zu stark, um die Reise zur Grenze fortsetzen zu k\u00f6nnen.<\/strong><\/p>\n\n\n\n<p><strong>Du musst ins Krankenhaus (1x Aussetzen).<\/strong><\/p>\n\n\n\n<hr class=\"wp-block-separator has-alpha-channel-opacity\"\/>\n\n\n\n<div class=\"wp-block-buttons is-content-justification-center is-layout-flex wp-container-core-buttons-is-layout-a89b3969 wp-block-buttons-is-layout-flex\">\n<div class=\"wp-block-button\"><a class=\"wp-block-button__link wp-element-button\" href=\"http:\/\/karte.escapar.cdn.eu.com\">N\u00e4chste Karte<\/a><\/div>\n<\/div>\n\n\n\n<figure class=\"wp-block-table is-style-stripes\"><table><tbody><tr><td><strong>Quelle<\/strong><\/td><\/tr><tr><td><em>Nele Pasch \/ Kathrin Lindemann: Immer mehr Fl\u00fcchtlinge springen in Mexiko auf G\u00fcterz\u00fcge, um in die USA zu gelangen. Es ist der schnellste Weg in Richtung Hoffnung, aber auch der gef\u00e4hrlichste, https:\/\/www.nzz.ch\/international\/fluechtlinge-in-mexiko-mit-dem-gueterzug-in-richtung-usa-ld.1654390 [Stand: 17.08.2022].<\/em><\/td><\/tr><\/tbody><\/table><\/figure>\n\n\n\n<p><\/p>\n","protected":false},"excerpt":{"rendered":"<p>Bei deiner letzten Zugfahrt hast du dir beim Abspringen den Fu\u00df umgeknickt. Auch wenn die Schmerzen am Anfang aushaltbar waren, sind sie inzwischen zu stark, um die Reise zur Grenze fortsetzen zu k\u00f6nnen. Du musst ins Krankenhaus (1x Aussetzen). Quelle Nele Pasch \/ Kathrin Lindemann: Immer mehr Fl\u00fcchtlinge springen in Mexiko auf G\u00fcterz\u00fcge, um in [&hellip;]<\/p>\n","protected":false},"author":2,"featured_media":0,"parent":0,"menu_order":0,"comment_status":"closed","ping_status":"closed","template":"","meta":{"footnotes":""},"class_list":["post-47","page","type-page","status-publish","hentry"],"_links":{"self":[{"href":"https:\/\/escapar.cdn.eu.com\/index.php?rest_route=\/wp\/v2\/pages\/47","targetHints":{"allow":["GET"]}}],"collection":[{"href":"https:\/\/escapar.cdn.eu.com\/index.php?rest_route=\/wp\/v2\/pages"}],"about":[{"href":"https:\/\/escapar.cdn.eu.com\/index.php?rest_route=\/wp\/v2\/types\/page"}],"author":[{"embeddable":true,"href":"https:\/\/escapar.cdn.eu.com\/index.php?rest_route=\/wp\/v2\/users\/2"}],"replies":[{"embeddable":true,"href":"https:\/\/escapar.cdn.eu.com\/index.php?rest_route=%2Fwp%2Fv2%2Fcomments&post=47"}],"version-history":[{"count":4,"href":"https:\/\/escapar.cdn.eu.com\/index.php?rest_route=\/wp\/v2\/pages\/47\/revisions"}],"predecessor-version":[{"id":224,"href":"https:\/\/escapar.cdn.eu.com\/index.php?rest_route=\/wp\/v2\/pages\/47\/revisions\/224"}],"wp:attachment":[{"href":"https:\/\/escapar.cdn.eu.com\/index.php?rest_route=%2Fwp%2Fv2%2Fmedia&parent=47"}],"curies":[{"name":"wp","href":"https:\/\/api.w.org\/{rel}","templated":true}]}}