{"id":45,"date":"2022-10-21T20:20:11","date_gmt":"2022-10-21T20:20:11","guid":{"rendered":"https:\/\/brettspiel.cdn.eu.com\/?page_id=45"},"modified":"2023-01-09T19:43:49","modified_gmt":"2023-01-09T19:43:49","slug":"strassenarbeit","status":"publish","type":"page","link":"https:\/\/escapar.cdn.eu.com\/?page_id=45","title":{"rendered":"strassenarbeit"},"content":{"rendered":"\n<blockquote class=\"wp-block-quote is-layout-flow wp-block-quote-is-layout-flow\">\n<p>&#8222;Gibt viele M\u00f6glichkeiten, auf der Stra\u00dfe Geld zu verdienen. Wem nichts Besseres einf\u00e4llt, der putzt Leuten die Schuhe oder vertickt S\u00fc\u00dfigkeiten oder w\u00e4scht Autos oder macht sonst irgendeinen Schei\u00df.&#8220;<\/p>\n\n\n\n<p>&#8222;Und wem was Besseres einf\u00e4llt?&#8220;<\/p>\n\n\n\n<p>Fernando lacht, dann winkt er ab. &#8222;Dar\u00fcber m\u00fcssen wir nicht heute Abend schon reden.&#8220;<\/p>\n<cite>Reinhardt, Dirk: Train Kids, 2017.<\/cite><\/blockquote>\n\n\n\n<p>Brauchen Migranten im Verlauf ihrer Reise Geld, um etwa Schleuser zu bezahlen oder sich zu ern\u00e4hren, m\u00fcssen sie sich etwas dazuverdienen. Oft sind sie gezwungen, auf Stra\u00dfenverkauf, Drogenhandel oder sogar Prostitution zur\u00fcckzugreifen, damit ihr \u00dcberleben gesichert und ihr Ziel, die USA, erreichbar ist.<\/p>\n\n\n\n<hr class=\"wp-block-separator has-alpha-channel-opacity\"\/>\n\n\n\n<p><strong>Besitzt du keine Geldkarte, musst du in der momentanen Stadt verweilen, um etwas Geld zu verdienen (1x Aussetzen, +1 Geldkarte).<\/strong><\/p>\n\n\n\n<p><strong>Hast du eine Geldkarte, kann deine Reise ohne Verz\u00f6gerung fortgesetzt werden.<\/strong><\/p>\n\n\n\n<div class=\"wp-block-buttons is-content-justification-center is-layout-flex wp-container-core-buttons-is-layout-a89b3969 wp-block-buttons-is-layout-flex\">\n<div class=\"wp-block-button\"><a class=\"wp-block-button__link wp-element-button\" href=\"http:\/\/karte.escapar.cdn.eu.com\">N\u00e4chste Karte<\/a><\/div>\n<\/div>\n","protected":false},"excerpt":{"rendered":"<p>&#8222;Gibt viele M\u00f6glichkeiten, auf der Stra\u00dfe Geld zu verdienen. Wem nichts Besseres einf\u00e4llt, der putzt Leuten die Schuhe oder vertickt S\u00fc\u00dfigkeiten oder w\u00e4scht Autos oder macht sonst irgendeinen Schei\u00df.&#8220; &#8222;Und wem was Besseres einf\u00e4llt?&#8220; Fernando lacht, dann winkt er ab. &#8222;Dar\u00fcber m\u00fcssen wir nicht heute Abend schon reden.&#8220; Reinhardt, Dirk: Train Kids, 2017. Brauchen Migranten [&hellip;]<\/p>\n","protected":false},"author":2,"featured_media":0,"parent":0,"menu_order":0,"comment_status":"closed","ping_status":"closed","template":"","meta":{"footnotes":""},"class_list":["post-45","page","type-page","status-publish","hentry"],"_links":{"self":[{"href":"https:\/\/escapar.cdn.eu.com\/index.php?rest_route=\/wp\/v2\/pages\/45","targetHints":{"allow":["GET"]}}],"collection":[{"href":"https:\/\/escapar.cdn.eu.com\/index.php?rest_route=\/wp\/v2\/pages"}],"about":[{"href":"https:\/\/escapar.cdn.eu.com\/index.php?rest_route=\/wp\/v2\/types\/page"}],"author":[{"embeddable":true,"href":"https:\/\/escapar.cdn.eu.com\/index.php?rest_route=\/wp\/v2\/users\/2"}],"replies":[{"embeddable":true,"href":"https:\/\/escapar.cdn.eu.com\/index.php?rest_route=%2Fwp%2Fv2%2Fcomments&post=45"}],"version-history":[{"count":5,"href":"https:\/\/escapar.cdn.eu.com\/index.php?rest_route=\/wp\/v2\/pages\/45\/revisions"}],"predecessor-version":[{"id":187,"href":"https:\/\/escapar.cdn.eu.com\/index.php?rest_route=\/wp\/v2\/pages\/45\/revisions\/187"}],"wp:attachment":[{"href":"https:\/\/escapar.cdn.eu.com\/index.php?rest_route=%2Fwp%2Fv2%2Fmedia&parent=45"}],"curies":[{"name":"wp","href":"https:\/\/api.w.org\/{rel}","templated":true}]}}