{"id":38,"date":"2022-10-21T19:56:45","date_gmt":"2022-10-21T19:56:45","guid":{"rendered":"https:\/\/brettspiel.cdn.eu.com\/?page_id=38"},"modified":"2023-01-13T13:53:46","modified_gmt":"2023-01-13T13:53:46","slug":"rio-grande-1","status":"publish","type":"page","link":"https:\/\/escapar.cdn.eu.com\/?page_id=38","title":{"rendered":"rio grande 1"},"content":{"rendered":"\n<p>Nach einer langen und unbequemen Nacht unter einer Br\u00fccke wirst du von einem Gespr\u00e4ch zweier Kinder neben dir geweckt. Du lauschst.<\/p>\n\n\n\n<p><em>\u201e[\u2026] und wie soll das funktionieren?\u201c<\/em><\/p>\n\n\n\n<p><em>\u201eMein Vater hat mir alles im letzten Brief erkl\u00e4rt. Wir m\u00fcssen einfach nach Nuevo Laredo, den Schleuser findet man in einer H\u00fctte am Ostrand der Stadt; man nennt ihn El Anfibio.\u201c<\/em><\/p>\n\n\n\n<p><em>\u201eAber das kostet doch bestimmt total viel Geld!\u201c<\/em><\/p>\n\n\n\n<p><em>\u201eJa, das stimmt. Der will 3.000 US-Dollar, au\u00dferdem brauchst du auch etwas Geld, wenn du in den USA bist.\u201c<\/em><\/p>\n\n\n\n<p><em>\u201eKrass, f\u00fcr so viel Geld muss man ja ewig arbeiten.\u201c<\/em><\/p>\n\n\n\n<p><em>\u201eJa, es ist wirklich teuer, aber daf\u00fcr ist es idiotensicher: Der Typ paddelt mit uns auf Autoreifen \u00fcber den Rio Grande, genau zwischen zwei Wacht\u00fcrmen. Der Bereich wird zwar mit Hubschraubern bewacht, aber wenn die \u00fcber uns herfliegen, kann man einfach kurz tauchen. Und auf der anderen Seite f\u00fchrt er uns dann durch ein Rohrsystem \u00fcber die Grenzbefestigung. Mein Vater hat mir versprochen, dass nichts schiefgehen kann [\u2026].\u201c<\/em><\/p>\n\n\n\n<hr class=\"wp-block-separator has-alpha-channel-opacity\"\/>\n\n\n\n<p><strong>Markiere Nuevo Laredo auf dem Spielbrett mit einer Schleuserfigur.<\/strong><\/p>\n\n\n\n<p><strong>Beachte, dass die Grenz\u00fcberquerung per Schleuser eine Geldkarte kostet.<\/strong><\/p>\n\n\n\n<hr class=\"wp-block-separator has-alpha-channel-opacity\"\/>\n\n\n\n<div class=\"wp-block-buttons is-content-justification-center is-layout-flex wp-container-core-buttons-is-layout-a89b3969 wp-block-buttons-is-layout-flex\">\n<div class=\"wp-block-button\"><a class=\"wp-block-button__link wp-element-button\" href=\"http:\/\/karte.escapar.cdn.eu.com\">N\u00e4chste Karte<\/a><\/div>\n<\/div>\n\n\n\n<figure class=\"wp-block-table is-style-stripes\"><table><tbody><tr><td><strong>Quelle<\/strong><\/td><\/tr><tr><td><em>Reinhard, Dirk: Train Kids, 2017.<\/em><\/td><\/tr><\/tbody><\/table><\/figure>\n","protected":false},"excerpt":{"rendered":"<p>Nach einer langen und unbequemen Nacht unter einer Br\u00fccke wirst du von einem Gespr\u00e4ch zweier Kinder neben dir geweckt. Du lauschst. \u201e[\u2026] und wie soll das funktionieren?\u201c \u201eMein Vater hat mir alles im letzten Brief erkl\u00e4rt. Wir m\u00fcssen einfach nach Nuevo Laredo, den Schleuser findet man in einer H\u00fctte am Ostrand der Stadt; man nennt [&hellip;]<\/p>\n","protected":false},"author":2,"featured_media":0,"parent":0,"menu_order":0,"comment_status":"closed","ping_status":"closed","template":"","meta":{"footnotes":""},"class_list":["post-38","page","type-page","status-publish","hentry"],"_links":{"self":[{"href":"https:\/\/escapar.cdn.eu.com\/index.php?rest_route=\/wp\/v2\/pages\/38","targetHints":{"allow":["GET"]}}],"collection":[{"href":"https:\/\/escapar.cdn.eu.com\/index.php?rest_route=\/wp\/v2\/pages"}],"about":[{"href":"https:\/\/escapar.cdn.eu.com\/index.php?rest_route=\/wp\/v2\/types\/page"}],"author":[{"embeddable":true,"href":"https:\/\/escapar.cdn.eu.com\/index.php?rest_route=\/wp\/v2\/users\/2"}],"replies":[{"embeddable":true,"href":"https:\/\/escapar.cdn.eu.com\/index.php?rest_route=%2Fwp%2Fv2%2Fcomments&post=38"}],"version-history":[{"count":3,"href":"https:\/\/escapar.cdn.eu.com\/index.php?rest_route=\/wp\/v2\/pages\/38\/revisions"}],"predecessor-version":[{"id":212,"href":"https:\/\/escapar.cdn.eu.com\/index.php?rest_route=\/wp\/v2\/pages\/38\/revisions\/212"}],"wp:attachment":[{"href":"https:\/\/escapar.cdn.eu.com\/index.php?rest_route=%2Fwp%2Fv2%2Fmedia&parent=38"}],"curies":[{"name":"wp","href":"https:\/\/api.w.org\/{rel}","templated":true}]}}