{"id":34,"date":"2022-10-21T19:54:25","date_gmt":"2022-10-21T19:54:25","guid":{"rendered":"https:\/\/brettspiel.cdn.eu.com\/?page_id=34"},"modified":"2023-01-12T20:19:09","modified_gmt":"2023-01-12T20:19:09","slug":"hitzeschlag","status":"publish","type":"page","link":"https:\/\/escapar.cdn.eu.com\/?page_id=34","title":{"rendered":"hitzschlag"},"content":{"rendered":"\n<p>Ein Hitzschlag bezeichnet die \u00dcberw\u00e4rmung des K\u00f6rpers auf \u00fcber 39\u00b0C. Dadurch entsteht eine St\u00f6rung des Herz-Kreislauf-Systems, da die K\u00f6rperw\u00e4rme durch Schwei\u00dfverdunstung allein nicht kompensiert werden kann.<\/p>\n\n\n\n<hr class=\"wp-block-separator has-alpha-channel-opacity\"\/>\n\n\n\n<p>Nach einer langen Feldwanderung geht es dir zunehmend schlechter. W\u00e4hrend der Suche nach Schatten findest du an der Wand einer Apotheke folgendes Poster:<\/p>\n\n\n\n<figure class=\"wp-block-image aligncenter size-full is-resized\"><img loading=\"lazy\" decoding=\"async\" src=\"https:\/\/escapar.cdn.eu.com\/wp-content\/uploads\/2022\/10\/Hitzeschlag-richtig.jpg\" alt=\"\" class=\"wp-image-36\" width=\"458\" height=\"547\" srcset=\"https:\/\/escapar.cdn.eu.com\/wp-content\/uploads\/2022\/10\/Hitzeschlag-richtig.jpg 747w, https:\/\/escapar.cdn.eu.com\/wp-content\/uploads\/2022\/10\/Hitzeschlag-richtig-251x300.jpg 251w\" sizes=\"auto, (max-width: 458px) 100vw, 458px\" \/><\/figure>\n\n\n\n<p><strong>Du leidest schon seit \u00fcber einer Stunde an Kopfschmerzen und dein Herz pocht. Deine Symptome stimmen mit denen des Posters \u00fcberein.<\/strong><\/p>\n\n\n\n<p><strong>Du musst ins Krankenhaus (2x Aussetzen).<\/strong><\/p>\n\n\n\n<hr class=\"wp-block-separator has-alpha-channel-opacity\"\/>\n\n\n\n<div class=\"wp-block-buttons is-content-justification-center is-layout-flex wp-container-core-buttons-is-layout-a89b3969 wp-block-buttons-is-layout-flex\">\n<div class=\"wp-block-button\"><a class=\"wp-block-button__link wp-element-button\" href=\"http:\/\/karte.escapar.cdn.eu.com\">N\u00e4chste Karte<\/a><\/div>\n<\/div>\n\n\n\n<figure class=\"wp-block-table is-style-stripes\"><table><tbody><tr><td><strong>Quellen<\/strong><\/td><\/tr><tr><td><em>DocCheck Flexikon: Hitzschlag, https:\/\/flexikon.doccheck.com\/de\/Hitzschlag [Stand: 17.08.2022]<\/em><\/td><\/tr><tr><td><em>Feuerwehr Roskow: Hitzeersch\u00f6pfung oder Hitzeschlag, http:\/\/www.feuerwehr-roskow.de\/news\/1\/342075\/nachrichten\/342075.html [Stand: 17.08.2022]<\/em><\/td><\/tr><\/tbody><\/table><\/figure>\n","protected":false},"excerpt":{"rendered":"<p>Ein Hitzschlag bezeichnet die \u00dcberw\u00e4rmung des K\u00f6rpers auf \u00fcber 39\u00b0C. Dadurch entsteht eine St\u00f6rung des Herz-Kreislauf-Systems, da die K\u00f6rperw\u00e4rme durch Schwei\u00dfverdunstung allein nicht kompensiert werden kann. Nach einer langen Feldwanderung geht es dir zunehmend schlechter. W\u00e4hrend der Suche nach Schatten findest du an der Wand einer Apotheke folgendes Poster: Du leidest schon seit \u00fcber einer [&hellip;]<\/p>\n","protected":false},"author":2,"featured_media":0,"parent":0,"menu_order":0,"comment_status":"closed","ping_status":"closed","template":"","meta":{"footnotes":""},"class_list":["post-34","page","type-page","status-publish","hentry"],"_links":{"self":[{"href":"https:\/\/escapar.cdn.eu.com\/index.php?rest_route=\/wp\/v2\/pages\/34","targetHints":{"allow":["GET"]}}],"collection":[{"href":"https:\/\/escapar.cdn.eu.com\/index.php?rest_route=\/wp\/v2\/pages"}],"about":[{"href":"https:\/\/escapar.cdn.eu.com\/index.php?rest_route=\/wp\/v2\/types\/page"}],"author":[{"embeddable":true,"href":"https:\/\/escapar.cdn.eu.com\/index.php?rest_route=\/wp\/v2\/users\/2"}],"replies":[{"embeddable":true,"href":"https:\/\/escapar.cdn.eu.com\/index.php?rest_route=%2Fwp%2Fv2%2Fcomments&post=34"}],"version-history":[{"count":3,"href":"https:\/\/escapar.cdn.eu.com\/index.php?rest_route=\/wp\/v2\/pages\/34\/revisions"}],"predecessor-version":[{"id":202,"href":"https:\/\/escapar.cdn.eu.com\/index.php?rest_route=\/wp\/v2\/pages\/34\/revisions\/202"}],"wp:attachment":[{"href":"https:\/\/escapar.cdn.eu.com\/index.php?rest_route=%2Fwp%2Fv2%2Fmedia&parent=34"}],"curies":[{"name":"wp","href":"https:\/\/api.w.org\/{rel}","templated":true}]}}