{"id":30,"date":"2022-10-21T19:49:25","date_gmt":"2022-10-21T19:49:25","guid":{"rendered":"https:\/\/brettspiel.cdn.eu.com\/?page_id=30"},"modified":"2023-01-09T19:40:03","modified_gmt":"2023-01-09T19:40:03","slug":"plantagen","status":"publish","type":"page","link":"https:\/\/escapar.cdn.eu.com\/?page_id=30","title":{"rendered":"plantagen"},"content":{"rendered":"\n<figure class=\"wp-block-image aligncenter size-full is-resized\"><img loading=\"lazy\" decoding=\"async\" src=\"https:\/\/escapar.cdn.eu.com\/wp-content\/uploads\/2022\/10\/Plantage.jpg\" alt=\"\" class=\"wp-image-31\" width=\"339\" height=\"225\"\/><\/figure>\n\n\n\n<p>Auf dem Weg durch die mexikanische Ein\u00f6de findest du einen Feldweg. Du entschlie\u00dft dich, ihm zu folgen.<\/p>\n\n\n\n<p>Nach einiger Zeit erreichst du eine gro\u00dfe Plantage mit zahlreichen Orangenpflanzen.<\/p>\n\n\n\n<p>Du bist sehr hungrig und da die Fr\u00fcchte nicht weiter gesichert erscheinen, entscheidest du dich, dir einige zu pfl\u00fccken. Als du gerade die erste Orange sch\u00e4len willst, wirst du pl\u00f6tzlich an deiner Schulter gepackt und zu Boden gerissen. Vor dir steht ein w\u00fctender, etwas dicklicher Mann in Latzhose, der dir, ehe du etwas sagen kannst, einen Tritt in die Magengrube versetzt. Anschlie\u00dfend hebt er dich hoch und schleift dich zur\u00fcck auf den Feldweg. Dort br\u00fcllt er, du sollest verschwinden.<\/p>\n\n\n\n<p>Du gehst einige Meter, doch dann beginnst du Blut zu husten. Du setzt dich hin und siehst, dass dein ganzer Magenbereich beginnt blau zu werden.<\/p>\n\n\n\n<hr class=\"wp-block-separator has-alpha-channel-opacity\"\/>\n\n\n\n<p><strong>Du musst ins Krankenhaus (2x Aussetzen).<\/strong><\/p>\n\n\n\n<hr class=\"wp-block-separator has-alpha-channel-opacity\"\/>\n\n\n\n<div class=\"wp-block-buttons is-content-justification-center is-layout-flex wp-container-core-buttons-is-layout-a89b3969 wp-block-buttons-is-layout-flex\">\n<div class=\"wp-block-button\"><a class=\"wp-block-button__link wp-element-button\" href=\"http:\/\/karte.escapar.cdn.eu.com\">N\u00e4chste Karte<\/a><\/div>\n<\/div>\n\n\n\n<figure class=\"wp-block-table is-style-stripes\"><table><tbody><tr><td><strong>Quelle<\/strong><\/td><\/tr><tr><td>https:\/\/www.trees.com\/orange-trees\/ [Stand: 17.08.2022].<\/td><\/tr><\/tbody><\/table><\/figure>\n","protected":false},"excerpt":{"rendered":"<p>Auf dem Weg durch die mexikanische Ein\u00f6de findest du einen Feldweg. Du entschlie\u00dft dich, ihm zu folgen. Nach einiger Zeit erreichst du eine gro\u00dfe Plantage mit zahlreichen Orangenpflanzen. Du bist sehr hungrig und da die Fr\u00fcchte nicht weiter gesichert erscheinen, entscheidest du dich, dir einige zu pfl\u00fccken. Als du gerade die erste Orange sch\u00e4len willst, [&hellip;]<\/p>\n","protected":false},"author":2,"featured_media":0,"parent":0,"menu_order":0,"comment_status":"closed","ping_status":"closed","template":"","meta":{"footnotes":""},"class_list":["post-30","page","type-page","status-publish","hentry"],"_links":{"self":[{"href":"https:\/\/escapar.cdn.eu.com\/index.php?rest_route=\/wp\/v2\/pages\/30","targetHints":{"allow":["GET"]}}],"collection":[{"href":"https:\/\/escapar.cdn.eu.com\/index.php?rest_route=\/wp\/v2\/pages"}],"about":[{"href":"https:\/\/escapar.cdn.eu.com\/index.php?rest_route=\/wp\/v2\/types\/page"}],"author":[{"embeddable":true,"href":"https:\/\/escapar.cdn.eu.com\/index.php?rest_route=\/wp\/v2\/users\/2"}],"replies":[{"embeddable":true,"href":"https:\/\/escapar.cdn.eu.com\/index.php?rest_route=%2Fwp%2Fv2%2Fcomments&post=30"}],"version-history":[{"count":5,"href":"https:\/\/escapar.cdn.eu.com\/index.php?rest_route=\/wp\/v2\/pages\/30\/revisions"}],"predecessor-version":[{"id":184,"href":"https:\/\/escapar.cdn.eu.com\/index.php?rest_route=\/wp\/v2\/pages\/30\/revisions\/184"}],"wp:attachment":[{"href":"https:\/\/escapar.cdn.eu.com\/index.php?rest_route=%2Fwp%2Fv2%2Fmedia&parent=30"}],"curies":[{"name":"wp","href":"https:\/\/api.w.org\/{rel}","templated":true}]}}