{"id":27,"date":"2022-10-21T19:45:40","date_gmt":"2022-10-21T19:45:40","guid":{"rendered":"https:\/\/brettspiel.cdn.eu.com\/?page_id=27"},"modified":"2023-01-13T16:56:56","modified_gmt":"2023-01-13T16:56:56","slug":"gefahr-vor-skorpionen-und-schlangen","status":"publish","type":"page","link":"https:\/\/escapar.cdn.eu.com\/?page_id=27","title":{"rendered":"gefahr vor skorpionen und schlangen"},"content":{"rendered":"\n<figure class=\"wp-block-image size-large\"><img loading=\"lazy\" decoding=\"async\" width=\"1024\" height=\"682\" src=\"https:\/\/escapar.cdn.eu.com\/wp-content\/uploads\/2022\/10\/Skorpion-1024x682.jpg\" alt=\"\" class=\"wp-image-28\" srcset=\"https:\/\/escapar.cdn.eu.com\/wp-content\/uploads\/2022\/10\/Skorpion-1024x682.jpg 1024w, https:\/\/escapar.cdn.eu.com\/wp-content\/uploads\/2022\/10\/Skorpion-300x200.jpg 300w, https:\/\/escapar.cdn.eu.com\/wp-content\/uploads\/2022\/10\/Skorpion-768x511.jpg 768w, https:\/\/escapar.cdn.eu.com\/wp-content\/uploads\/2022\/10\/Skorpion.jpg 1200w\" sizes=\"auto, (max-width: 1024px) 100vw, 1024px\" \/><\/figure>\n\n\n\n<p><em>\u201eF\u00fcr jede Person, die an Schlangengift stirbt, sterben 10 durch Skorpionstiche.\u201c<\/em><\/p>\n\n\n\n<p>Mexiko beherbergt die meisten Schlangenarten der Welt, von denen der Gro\u00dfteil ungef\u00e4hrlich ist. Allerdings geh\u00f6ren auch viele giftige Schlangenarten wie Klapperschlangen oder Korallennattern dazu.<\/p>\n\n\n\n<p>Eine weitaus gr\u00f6\u00dfere Gefahr stellen Skorpione dar: In Mexiko werden j\u00e4hrlich 200.000 Menschen gestochen, circa 300-1000 Stiche verlaufen dabei t\u00f6dlich.<\/p>\n\n\n\n<p>Wer als Migrant durch Mexiko reist wird fr\u00fcher oder sp\u00e4ter mit dieser Gefahr konfrontiert. Auch wenn Schlangenbisse und Skorpionstiche oft keine t\u00f6dlichen Folgen haben, muss man jedoch meist \u00e4rztliche Hilfe in Anspruch nehmen, um seine Reise fortsetzen zu k\u00f6nnen.<\/p>\n\n\n\n<hr class=\"wp-block-separator has-alpha-channel-opacity\"\/>\n\n\n\n<p><strong>Auf dem Weg in die Stadt hat dich ein Skorpion in deinen Kn\u00f6chel gestochen. Rund um die Stichwunde entsteht eine Schwellung und jeder Schritt bereitet dir gro\u00dfe Schmerzen. Du wirst ohnm\u00e4chtig.<\/strong><\/p>\n\n\n\n<p><strong>Als du wieder aufwachst, findest du dich bandagiert auf einer Couch in einer dunklen Wohnung wieder. Du bist alleine. Du schreibst ein Post-It mit einer fl\u00fcchtigen Dankesnachricht, klebst sie auf den K\u00fcchentisch und verl\u00e4sst die Wohnung. Auf der Stra\u00dfe merkst du, dass du in Culiac\u00e1n bist. <\/strong><\/p>\n\n\n\n<p><strong>Stelle deine Figur dort auf.<\/strong><\/p>\n\n\n\n<p><\/p>\n\n\n\n<hr class=\"wp-block-separator has-alpha-channel-opacity\"\/>\n\n\n\n<div class=\"wp-block-buttons is-content-justification-center is-layout-flex wp-container-core-buttons-is-layout-a89b3969 wp-block-buttons-is-layout-flex\">\n<div class=\"wp-block-button\"><a class=\"wp-block-button__link wp-element-button\" href=\"http:\/\/karte.escapar.cdn.eu.com\">N\u00e4chste Karte<\/a><\/div>\n<\/div>\n\n\n\n<figure class=\"wp-block-table is-style-stripes\"><table><tbody><tr><td><strong>Quelle<\/strong><\/td><\/tr><tr><td><em>DeineTiere: Skorpionstiche: Mexiko ist eines der L\u00e4nder mit der weltweit h\u00f6chsten Rate, https:\/\/deinetiere.com\/tiere\/wildtiere-tiere\/wirbellose-tiere\/skorpionstiche-mexiko-ist-eines-der-laender-mit-der-weltweit-hoechsten-rate\/ [Stand: 17.08.2022].<\/em><\/td><\/tr><\/tbody><\/table><\/figure>\n","protected":false},"excerpt":{"rendered":"<p>\u201eF\u00fcr jede Person, die an Schlangengift stirbt, sterben 10 durch Skorpionstiche.\u201c Mexiko beherbergt die meisten Schlangenarten der Welt, von denen der Gro\u00dfteil ungef\u00e4hrlich ist. Allerdings geh\u00f6ren auch viele giftige Schlangenarten wie Klapperschlangen oder Korallennattern dazu. Eine weitaus gr\u00f6\u00dfere Gefahr stellen Skorpione dar: In Mexiko werden j\u00e4hrlich 200.000 Menschen gestochen, circa 300-1000 Stiche verlaufen dabei t\u00f6dlich. [&hellip;]<\/p>\n","protected":false},"author":2,"featured_media":0,"parent":0,"menu_order":0,"comment_status":"closed","ping_status":"closed","template":"","meta":{"footnotes":""},"class_list":["post-27","page","type-page","status-publish","hentry"],"_links":{"self":[{"href":"https:\/\/escapar.cdn.eu.com\/index.php?rest_route=\/wp\/v2\/pages\/27","targetHints":{"allow":["GET"]}}],"collection":[{"href":"https:\/\/escapar.cdn.eu.com\/index.php?rest_route=\/wp\/v2\/pages"}],"about":[{"href":"https:\/\/escapar.cdn.eu.com\/index.php?rest_route=\/wp\/v2\/types\/page"}],"author":[{"embeddable":true,"href":"https:\/\/escapar.cdn.eu.com\/index.php?rest_route=\/wp\/v2\/users\/2"}],"replies":[{"embeddable":true,"href":"https:\/\/escapar.cdn.eu.com\/index.php?rest_route=%2Fwp%2Fv2%2Fcomments&post=27"}],"version-history":[{"count":6,"href":"https:\/\/escapar.cdn.eu.com\/index.php?rest_route=\/wp\/v2\/pages\/27\/revisions"}],"predecessor-version":[{"id":223,"href":"https:\/\/escapar.cdn.eu.com\/index.php?rest_route=\/wp\/v2\/pages\/27\/revisions\/223"}],"wp:attachment":[{"href":"https:\/\/escapar.cdn.eu.com\/index.php?rest_route=%2Fwp%2Fv2%2Fmedia&parent=27"}],"curies":[{"name":"wp","href":"https:\/\/api.w.org\/{rel}","templated":true}]}}