{"id":23,"date":"2022-10-21T19:42:09","date_gmt":"2022-10-21T19:42:09","guid":{"rendered":"https:\/\/brettspiel.cdn.eu.com\/?page_id=23"},"modified":"2023-01-09T19:35:41","modified_gmt":"2023-01-09T19:35:41","slug":"kraftwagen-schlepper","status":"publish","type":"page","link":"https:\/\/escapar.cdn.eu.com\/?page_id=23","title":{"rendered":"kraftwagen-schlepper"},"content":{"rendered":"\n<figure class=\"wp-block-image size-full\"><img loading=\"lazy\" decoding=\"async\" width=\"750\" height=\"421\" src=\"https:\/\/escapar.cdn.eu.com\/wp-content\/uploads\/2022\/10\/Kraftwagen-Schlepper.jpg\" alt=\"\" class=\"wp-image-24\" srcset=\"https:\/\/escapar.cdn.eu.com\/wp-content\/uploads\/2022\/10\/Kraftwagen-Schlepper.jpg 750w, https:\/\/escapar.cdn.eu.com\/wp-content\/uploads\/2022\/10\/Kraftwagen-Schlepper-300x168.jpg 300w\" sizes=\"auto, (max-width: 750px) 100vw, 750px\" \/><\/figure>\n\n\n\n<p>Nach einem langen Fu\u00dfmarsch kannst du in der Ferne einige Stallungen erkennen. Im N\u00e4herkommen siehst du eine hektisch herumlaufende B\u00e4uerin.<\/p>\n\n\n\n<p>Als sie pl\u00f6tzlich aufschaut und dich sieht, m\u00f6chtest du z\u00fcgig weitergehen; nach einem anstrengenden Tag wie dem Heutigen willst du keinen \u00c4rger.<\/p>\n\n\n\n<p>Doch ehe du dich entfernen kannst, h\u00f6rst du einen Ruf mit der Aufforderung, doch bitte n\u00e4her zu treten. Du drehst dich um und siehst, wie die Frau dir zuwinkt.<\/p>\n\n\n\n<p>Du kommst mit ihr ins Gespr\u00e4ch und erz\u00e4hlst ihr von der langen Reise, die du noch vor dir hast. Voller Mitleid bietet dir die B\u00e4uerin an, dich mit ihrem Pick-up ein St\u00fcck mitzunehmen. Du nimmst ihr Angebot dankend an.<\/p>\n\n\n\n<p><strong>Du darfst ein Feld weiter r\u00fccken<\/strong>.<\/p>\n\n\n\n<hr class=\"wp-block-separator has-alpha-channel-opacity\"\/>\n\n\n\n<div class=\"wp-block-buttons is-content-justification-center is-layout-flex wp-container-core-buttons-is-layout-a89b3969 wp-block-buttons-is-layout-flex\">\n<div class=\"wp-block-button\"><a class=\"wp-block-button__link wp-element-button\" href=\"http:\/\/karte.escapar.cdn.eu.com\">N\u00e4chste Karte<\/a><\/div>\n<\/div>\n\n\n\n<figure class=\"wp-block-table is-style-stripes\"><table><tbody><tr><td><strong>Quelle<\/strong><\/td><\/tr><tr><td><em>Ntv: Schleuser-LKW \u00fcberschl\u00e4gt sich. 25 Migranten sterben bei Unfall in Mexiko, https:\/\/www.n-tv.de\/panorama\/25-Migranten-sterben-bei-Unfall-in-Mexiko-article20896081.html [Stand: 17.08.2022].<\/em><\/td><\/tr><\/tbody><\/table><\/figure>\n","protected":false},"excerpt":{"rendered":"<p>Nach einem langen Fu\u00dfmarsch kannst du in der Ferne einige Stallungen erkennen. Im N\u00e4herkommen siehst du eine hektisch herumlaufende B\u00e4uerin. Als sie pl\u00f6tzlich aufschaut und dich sieht, m\u00f6chtest du z\u00fcgig weitergehen; nach einem anstrengenden Tag wie dem Heutigen willst du keinen \u00c4rger. Doch ehe du dich entfernen kannst, h\u00f6rst du einen Ruf mit der Aufforderung, [&hellip;]<\/p>\n","protected":false},"author":2,"featured_media":0,"parent":0,"menu_order":0,"comment_status":"closed","ping_status":"closed","template":"","meta":{"footnotes":""},"class_list":["post-23","page","type-page","status-publish","hentry"],"_links":{"self":[{"href":"https:\/\/escapar.cdn.eu.com\/index.php?rest_route=\/wp\/v2\/pages\/23","targetHints":{"allow":["GET"]}}],"collection":[{"href":"https:\/\/escapar.cdn.eu.com\/index.php?rest_route=\/wp\/v2\/pages"}],"about":[{"href":"https:\/\/escapar.cdn.eu.com\/index.php?rest_route=\/wp\/v2\/types\/page"}],"author":[{"embeddable":true,"href":"https:\/\/escapar.cdn.eu.com\/index.php?rest_route=\/wp\/v2\/users\/2"}],"replies":[{"embeddable":true,"href":"https:\/\/escapar.cdn.eu.com\/index.php?rest_route=%2Fwp%2Fv2%2Fcomments&post=23"}],"version-history":[{"count":3,"href":"https:\/\/escapar.cdn.eu.com\/index.php?rest_route=\/wp\/v2\/pages\/23\/revisions"}],"predecessor-version":[{"id":181,"href":"https:\/\/escapar.cdn.eu.com\/index.php?rest_route=\/wp\/v2\/pages\/23\/revisions\/181"}],"wp:attachment":[{"href":"https:\/\/escapar.cdn.eu.com\/index.php?rest_route=%2Fwp%2Fv2%2Fmedia&parent=23"}],"curies":[{"name":"wp","href":"https:\/\/api.w.org\/{rel}","templated":true}]}}