{"id":16,"date":"2022-10-21T19:32:01","date_gmt":"2022-10-21T19:32:01","guid":{"rendered":"https:\/\/brettspiel.cdn.eu.com\/?page_id=16"},"modified":"2023-01-09T19:37:38","modified_gmt":"2023-01-09T19:37:38","slug":"menschenhaendler","status":"publish","type":"page","link":"https:\/\/escapar.cdn.eu.com\/?page_id=16","title":{"rendered":"menschenhandel"},"content":{"rendered":"\n<p>Auf dem Markt begegnest du einem jugendlichen Bettler, mit dem du ins Gespr\u00e4ch kommst. Als du ihn nach seinen Lebensumst\u00e4nden fragst, sagt er:<\/p>\n\n\n\n<p>\u201eVor einem Jahr wollten meine Schwester und ich in die USA, wir sollten zu unserer Mutter. Wir wollten mithilfe eines Schleusers bis an die Grenze fahren, doch dieser steckte mit einer Menschenh\u00e4ndlerorganisation unter einer Decke. Sie haben uns entf\u00fchrt und getrennt, bis heute wei\u00df ich nicht, was sie mit meiner Schwester, mit meiner lieben Violetta, gemacht haben.<\/p>\n\n\n\n<p>Diese Organisation jedenfalls, die zieht alle Strippen. Nach meiner Entf\u00fchrung wurden wir, also ich und andere Jungs in meinem Alter, wochenlang in einem Kellerraum gefangen gehalten. Irgendwann haben sie uns dann gezwungen, auf der Stra\u00dfe zu betteln. Und deshalb\u2026\u201c<\/p>\n\n\n\n<p>Bevor er seinen Satz beenden kann, ert\u00f6nt ein lauter Schrei, gefolgt von einem gro\u00dfen, unheimlich aussehenden Mann, der zu euch rennt. Der Bettler ist erstarrt vor Schock. Diese Starre h\u00e4lt nicht lang an, da er vom Mann, einem Mitglied der Menschenh\u00e4ndlerorganisation, am Hals gepackt und gew\u00fcrgt wird.<\/p>\n\n\n\n<p>Du m\u00f6chtest dem Jugendlichen helfen und springst auf den R\u00fccken des Mannes, sodass dieser umf\u00e4llt. Der Bettler kann fliehen, aber du stehst vor einem Problem: Der Mann hebt dich hoch und zerrt dich in einen Transporter.<\/p>\n\n\n\n<p><strong>Du bist entf\u00fchrt worden.<\/strong><\/p>\n\n\n\n<p><strong>Als das Auto nach stundenlanger Fahrt anh\u00e4lt, schaffst du es, die Kofferraumt\u00fcr von innen zu \u00f6ffnen und zu fliehen.<\/strong><\/p>\n\n\n\n<p><strong>Nachdem du in die n\u00e4chstgelegene Stadt gerannt bist und dich dort versteckt hast, findest du dich nun in der Stadt La Paz wieder.<\/strong><\/p>\n\n\n\n<div class=\"wp-block-buttons is-content-justification-center is-layout-flex wp-container-core-buttons-is-layout-a89b3969 wp-block-buttons-is-layout-flex\">\n<div class=\"wp-block-button\"><a class=\"wp-block-button__link wp-element-button\" href=\"http:\/\/karte.escapar.cdn.eu.com\">N\u00e4chste Karte<\/a><\/div>\n<\/div>\n","protected":false},"excerpt":{"rendered":"<p>Auf dem Markt begegnest du einem jugendlichen Bettler, mit dem du ins Gespr\u00e4ch kommst. Als du ihn nach seinen Lebensumst\u00e4nden fragst, sagt er: \u201eVor einem Jahr wollten meine Schwester und ich in die USA, wir sollten zu unserer Mutter. Wir wollten mithilfe eines Schleusers bis an die Grenze fahren, doch dieser steckte mit einer Menschenh\u00e4ndlerorganisation [&hellip;]<\/p>\n","protected":false},"author":2,"featured_media":0,"parent":0,"menu_order":0,"comment_status":"closed","ping_status":"closed","template":"","meta":{"footnotes":""},"class_list":["post-16","page","type-page","status-publish","hentry"],"_links":{"self":[{"href":"https:\/\/escapar.cdn.eu.com\/index.php?rest_route=\/wp\/v2\/pages\/16","targetHints":{"allow":["GET"]}}],"collection":[{"href":"https:\/\/escapar.cdn.eu.com\/index.php?rest_route=\/wp\/v2\/pages"}],"about":[{"href":"https:\/\/escapar.cdn.eu.com\/index.php?rest_route=\/wp\/v2\/types\/page"}],"author":[{"embeddable":true,"href":"https:\/\/escapar.cdn.eu.com\/index.php?rest_route=\/wp\/v2\/users\/2"}],"replies":[{"embeddable":true,"href":"https:\/\/escapar.cdn.eu.com\/index.php?rest_route=%2Fwp%2Fv2%2Fcomments&post=16"}],"version-history":[{"count":5,"href":"https:\/\/escapar.cdn.eu.com\/index.php?rest_route=\/wp\/v2\/pages\/16\/revisions"}],"predecessor-version":[{"id":183,"href":"https:\/\/escapar.cdn.eu.com\/index.php?rest_route=\/wp\/v2\/pages\/16\/revisions\/183"}],"wp:attachment":[{"href":"https:\/\/escapar.cdn.eu.com\/index.php?rest_route=%2Fwp%2Fv2%2Fmedia&parent=16"}],"curies":[{"name":"wp","href":"https:\/\/api.w.org\/{rel}","templated":true}]}}