{"id":13,"date":"2022-10-21T19:30:32","date_gmt":"2022-10-21T19:30:32","guid":{"rendered":"https:\/\/brettspiel.cdn.eu.com\/?page_id=13"},"modified":"2023-01-13T16:00:11","modified_gmt":"2023-01-13T16:00:11","slug":"drogenkartelle","status":"publish","type":"page","link":"https:\/\/escapar.cdn.eu.com\/?page_id=13","title":{"rendered":"drogenkartelle"},"content":{"rendered":"\n<figure class=\"wp-block-image size-full is-resized\"><img loading=\"lazy\" decoding=\"async\" src=\"https:\/\/escapar.cdn.eu.com\/wp-content\/uploads\/2022\/10\/Drogenkartelle.png\" alt=\"\" class=\"wp-image-14\" width=\"650\" height=\"318\" srcset=\"https:\/\/escapar.cdn.eu.com\/wp-content\/uploads\/2022\/10\/Drogenkartelle.png 972w, https:\/\/escapar.cdn.eu.com\/wp-content\/uploads\/2022\/10\/Drogenkartelle-300x147.png 300w, https:\/\/escapar.cdn.eu.com\/wp-content\/uploads\/2022\/10\/Drogenkartelle-768x376.png 768w\" sizes=\"auto, (max-width: 650px) 100vw, 650px\" \/><\/figure>\n\n\n\n<hr class=\"wp-block-separator has-alpha-channel-opacity\"\/>\n\n\n\n<p>Auf dem Weg durch die Stadt l\u00e4ufst du auf zwei schwarze SUVs zu, vor denen zwei gro\u00dfgebaute M\u00e4nner stehen. Du bekommst ein mulmiges Gef\u00fchl.<\/p>\n\n\n\n<p>Du m\u00f6chtest kehrtmachen, als du dich umdrehst l\u00e4ufst du jedoch in einen weiteren Mann hinein, der dich nun an den Armen packt.<\/p>\n\n\n\n<p>Ehe du um Hilfe schreien kannst, presst der Mann seine Hand auf deinen Mund und schleift dich in Richtung des ersten SUVs, in dessen Kofferraum er dich zwingt.<\/p>\n\n\n\n<hr class=\"wp-block-separator has-alpha-channel-opacity\"\/>\n\n\n\n<p><strong>Du bist entf\u00fchrt worden.<\/strong><\/p>\n\n\n\n<p><strong>Als das Auto nach stundenlanger Fahrt anh\u00e4lt, schaffst du es, die Kofferraumt\u00fcr von innen zu \u00f6ffnen und zu fliehen.<\/strong><\/p>\n\n\n\n<p><strong>Nachdem du in die n\u00e4chstgelegene Stadt gerannt bist und dort versteckt hast, findest du dich nun in Veracruz wieder.<\/strong><\/p>\n\n\n\n<div class=\"wp-block-buttons is-content-justification-center is-layout-flex wp-container-core-buttons-is-layout-a89b3969 wp-block-buttons-is-layout-flex\">\n<div class=\"wp-block-button\"><a class=\"wp-block-button__link wp-element-button\" href=\"http:\/\/karte.escapar.cdn.eu.com\">N\u00e4chste Karte<\/a><\/div>\n<\/div>\n","protected":false},"excerpt":{"rendered":"<p>Auf dem Weg durch die Stadt l\u00e4ufst du auf zwei schwarze SUVs zu, vor denen zwei gro\u00dfgebaute M\u00e4nner stehen. Du bekommst ein mulmiges Gef\u00fchl. Du m\u00f6chtest kehrtmachen, als du dich umdrehst l\u00e4ufst du jedoch in einen weiteren Mann hinein, der dich nun an den Armen packt. Ehe du um Hilfe schreien kannst, presst der Mann [&hellip;]<\/p>\n","protected":false},"author":2,"featured_media":0,"parent":0,"menu_order":0,"comment_status":"closed","ping_status":"closed","template":"","meta":{"footnotes":""},"class_list":["post-13","page","type-page","status-publish","hentry"],"_links":{"self":[{"href":"https:\/\/escapar.cdn.eu.com\/index.php?rest_route=\/wp\/v2\/pages\/13","targetHints":{"allow":["GET"]}}],"collection":[{"href":"https:\/\/escapar.cdn.eu.com\/index.php?rest_route=\/wp\/v2\/pages"}],"about":[{"href":"https:\/\/escapar.cdn.eu.com\/index.php?rest_route=\/wp\/v2\/types\/page"}],"author":[{"embeddable":true,"href":"https:\/\/escapar.cdn.eu.com\/index.php?rest_route=\/wp\/v2\/users\/2"}],"replies":[{"embeddable":true,"href":"https:\/\/escapar.cdn.eu.com\/index.php?rest_route=%2Fwp%2Fv2%2Fcomments&post=13"}],"version-history":[{"count":7,"href":"https:\/\/escapar.cdn.eu.com\/index.php?rest_route=\/wp\/v2\/pages\/13\/revisions"}],"predecessor-version":[{"id":218,"href":"https:\/\/escapar.cdn.eu.com\/index.php?rest_route=\/wp\/v2\/pages\/13\/revisions\/218"}],"wp:attachment":[{"href":"https:\/\/escapar.cdn.eu.com\/index.php?rest_route=%2Fwp%2Fv2%2Fmedia&parent=13"}],"curies":[{"name":"wp","href":"https:\/\/api.w.org\/{rel}","templated":true}]}}