{"id":105,"date":"2022-12-22T21:38:29","date_gmt":"2022-12-22T21:38:29","guid":{"rendered":"https:\/\/brettspiel.cdn.eu.com\/?page_id=105"},"modified":"2023-01-13T13:49:17","modified_gmt":"2023-01-13T13:49:17","slug":"legale-uebertretungen","status":"publish","type":"page","link":"https:\/\/escapar.cdn.eu.com\/?page_id=105","title":{"rendered":"tourismus"},"content":{"rendered":"\n<p>Aufgrund der intensiven wirtschaftlichen Verflechtungen zwischen den Vereinigten Staaten und Mexiko ist deren Grenze eine der weltweit am meisten \u00fcberquerten. Doch nicht nur der Handel sorgt f\u00fcr einen regen Verkehr &#8211; im Gegensatz zu den Lateinamerikanern, welche die USA ohne ein ausdr\u00fcckliches Visum nicht betreten d\u00fcrfen, machen viele US-Amerikaner auf der anderen Seite der Grenze Urlaub. Der Tourismus ist f\u00fcr diese L\u00e4nder eine wichtige Grundlage f\u00fcr die Existenz der Bev\u00f6lkerung.<\/p>\n\n\n\n<figure class=\"wp-block-image size-large\"><img loading=\"lazy\" decoding=\"async\" width=\"1024\" height=\"683\" src=\"https:\/\/escapar.cdn.eu.com\/wp-content\/uploads\/2023\/01\/image-1024x683.png\" alt=\"\" class=\"wp-image-192\" srcset=\"https:\/\/escapar.cdn.eu.com\/wp-content\/uploads\/2023\/01\/image-1024x683.png 1024w, https:\/\/escapar.cdn.eu.com\/wp-content\/uploads\/2023\/01\/image-300x200.png 300w, https:\/\/escapar.cdn.eu.com\/wp-content\/uploads\/2023\/01\/image-768x512.png 768w, https:\/\/escapar.cdn.eu.com\/wp-content\/uploads\/2023\/01\/image-1536x1024.png 1536w, https:\/\/escapar.cdn.eu.com\/wp-content\/uploads\/2023\/01\/image-2048x1366.png 2048w\" sizes=\"auto, (max-width: 1024px) 100vw, 1024px\" \/><figcaption class=\"wp-element-caption\">Geradezu paradiesisch muten die<strong>&nbsp;Ruinen der Hafenstadt Tulum<\/strong>&nbsp;an, die f\u00fcr die Maya ein wichtiges&nbsp;<strong>Zentrum f\u00fcr Religion und Handel<\/strong>&nbsp;war. In der einzigen bekannten Hafenstadt der Mayas sieht man heute noch die Ruinen vieler Wohnh\u00e4user, eines Schlosses und mehrerer Tempel.<\/figcaption><\/figure>\n\n\n\n<p>Die Ausbreitung von COVID-19 und die damit einhergehende Dezimierung der Touristen erschuf deshalb gerade in Mexiko, dem beliebtesten Reiseland Lateinamerikas, eine wirtschaftliche Krise.<\/p>\n\n\n\n<figure class=\"wp-block-image size-full\"><img loading=\"lazy\" decoding=\"async\" width=\"966\" height=\"450\" src=\"https:\/\/escapar.cdn.eu.com\/wp-content\/uploads\/2023\/01\/image-2.png\" alt=\"\" class=\"wp-image-194\" srcset=\"https:\/\/escapar.cdn.eu.com\/wp-content\/uploads\/2023\/01\/image-2.png 966w, https:\/\/escapar.cdn.eu.com\/wp-content\/uploads\/2023\/01\/image-2-300x140.png 300w, https:\/\/escapar.cdn.eu.com\/wp-content\/uploads\/2023\/01\/image-2-768x358.png 768w\" sizes=\"auto, (max-width: 966px) 100vw, 966px\" \/><figcaption class=\"wp-element-caption\">Anzahl der Touristen zwischen 2005 und 2020 sowie die durch die Touristen entstandenen Einnahmen und deren Anteil am Bruttoinlandsprodukt in %.<\/figcaption><\/figure>\n\n\n\n<p>Die strenge Einwanderungspolitik der USA sorgt daf\u00fcr, dass die Grenz\u00fcberg\u00e4nge streng bewacht werden. Deshalb m\u00fcssen Touristen und LKW-Fahrer auf dem R\u00fcckweg in die USA mit ausf\u00fchrlichen Grenzkontrollen rechnen &#8211; zu gro\u00df ist die Sorge vor Drogenschmuggel oder illegalen Einwanderern, die als blinde Passagiere mitfahren. Werden sie erwischt, m\u00fcssen sie mit einer sofortigen Abschiebung rechnen.<\/p>\n\n\n\n<figure class=\"wp-block-image size-large\"><img loading=\"lazy\" decoding=\"async\" width=\"1024\" height=\"576\" src=\"https:\/\/escapar.cdn.eu.com\/wp-content\/uploads\/2023\/01\/image-1-1024x576.png\" alt=\"\" class=\"wp-image-193\" srcset=\"https:\/\/escapar.cdn.eu.com\/wp-content\/uploads\/2023\/01\/image-1-1024x576.png 1024w, https:\/\/escapar.cdn.eu.com\/wp-content\/uploads\/2023\/01\/image-1-300x169.png 300w, https:\/\/escapar.cdn.eu.com\/wp-content\/uploads\/2023\/01\/image-1-768x432.png 768w, https:\/\/escapar.cdn.eu.com\/wp-content\/uploads\/2023\/01\/image-1.png 1280w\" sizes=\"auto, (max-width: 1024px) 100vw, 1024px\" \/><figcaption class=\"wp-element-caption\">Eine US-Grenzpatrouille durchsucht in der N\u00e4he von McAllen im US-Bundessstaat Texas einen Mann.<\/figcaption><\/figure>\n\n\n\n<div class=\"wp-block-buttons is-content-justification-center is-layout-flex wp-container-core-buttons-is-layout-a89b3969 wp-block-buttons-is-layout-flex\">\n<div class=\"wp-block-button\"><a class=\"wp-block-button__link wp-element-button\" href=\"http:\/\/karte.escapar.cdn.eu.com\">N\u00e4chste Karte<\/a><\/div>\n<\/div>\n\n\n\n<hr class=\"wp-block-separator has-alpha-channel-opacity\"\/>\n\n\n\n<figure class=\"wp-block-table is-style-stripes\"><table><tbody><tr><td><strong>Quellen<\/strong><\/td><\/tr><tr><td>Laenderdaten.info (Hrsg.): Tourismus in Mexiko, https:\/\/www.laenderdaten.info\/Amerika\/Mexiko\/tourismus.php [Stand: 09.01.2023].<\/td><\/tr><tr><td>checkfelix (Hrsg.): 8 einmalige Orte bei einer Mexiko-Reise erleben, https:\/\/www.checkfelix.com\/reiseblog\/mexiko-reise-tipps\/ [Stand: 09.01.2023].<\/td><\/tr><\/tbody><\/table><\/figure>\n","protected":false},"excerpt":{"rendered":"<p>Aufgrund der intensiven wirtschaftlichen Verflechtungen zwischen den Vereinigten Staaten und Mexiko ist deren Grenze eine der weltweit am meisten \u00fcberquerten. Doch nicht nur der Handel sorgt f\u00fcr einen regen Verkehr &#8211; im Gegensatz zu den Lateinamerikanern, welche die USA ohne ein ausdr\u00fcckliches Visum nicht betreten d\u00fcrfen, machen viele US-Amerikaner auf der anderen Seite der Grenze [&hellip;]<\/p>\n","protected":false},"author":2,"featured_media":0,"parent":0,"menu_order":0,"comment_status":"closed","ping_status":"closed","template":"","meta":{"footnotes":""},"class_list":["post-105","page","type-page","status-publish","hentry"],"_links":{"self":[{"href":"https:\/\/escapar.cdn.eu.com\/index.php?rest_route=\/wp\/v2\/pages\/105","targetHints":{"allow":["GET"]}}],"collection":[{"href":"https:\/\/escapar.cdn.eu.com\/index.php?rest_route=\/wp\/v2\/pages"}],"about":[{"href":"https:\/\/escapar.cdn.eu.com\/index.php?rest_route=\/wp\/v2\/types\/page"}],"author":[{"embeddable":true,"href":"https:\/\/escapar.cdn.eu.com\/index.php?rest_route=\/wp\/v2\/users\/2"}],"replies":[{"embeddable":true,"href":"https:\/\/escapar.cdn.eu.com\/index.php?rest_route=%2Fwp%2Fv2%2Fcomments&post=105"}],"version-history":[{"count":11,"href":"https:\/\/escapar.cdn.eu.com\/index.php?rest_route=\/wp\/v2\/pages\/105\/revisions"}],"predecessor-version":[{"id":204,"href":"https:\/\/escapar.cdn.eu.com\/index.php?rest_route=\/wp\/v2\/pages\/105\/revisions\/204"}],"wp:attachment":[{"href":"https:\/\/escapar.cdn.eu.com\/index.php?rest_route=%2Fwp%2Fv2%2Fmedia&parent=105"}],"curies":[{"name":"wp","href":"https:\/\/api.w.org\/{rel}","templated":true}]}}