{"id":103,"date":"2022-12-22T21:38:00","date_gmt":"2022-12-22T21:38:00","guid":{"rendered":"https:\/\/brettspiel.cdn.eu.com\/?page_id=103"},"modified":"2023-01-13T13:50:29","modified_gmt":"2023-01-13T13:50:29","slug":"die-geschichte-der-grenze","status":"publish","type":"page","link":"https:\/\/escapar.cdn.eu.com\/?page_id=103","title":{"rendered":"die geschichte der grenze"},"content":{"rendered":"\n<figure class=\"wp-block-table is-style-stripes\"><table><tbody><tr><td><strong>vor Kolumbus<\/strong><\/td><td>Urspr\u00fcnglich war das heutige Mexiko von Azteken besiedelt, dessen drei m\u00e4chtigste St\u00e4dte in einem Dreibund \u00fcber das Gebiet herrschten<\/td><\/tr><tr><td><strong>1519-1521<\/strong><\/td><td>Gebiet wurde von der Kolonialmacht Spanien erobert<\/td><\/tr><tr><td><strong>Kolonialzeit<\/strong><\/td><td>Zu Zeiten gr\u00f6\u00dfter Ausdehnung (~1863) beanspruchte Spanien de jure gro\u00dfe Teile Nordamerikas (de facto konnte aber nur in den dunkelgr\u00fcn markierten Gebieten Gewalt ausge\u00fcbt werden)<\/td><\/tr><\/tbody><\/table><\/figure>\n\n\n\n<figure class=\"wp-block-image size-large\"><img loading=\"lazy\" decoding=\"async\" width=\"1024\" height=\"521\" src=\"https:\/\/escapar.cdn.eu.com\/wp-content\/uploads\/2022\/12\/M1-1024x521.png\" alt=\"\" class=\"wp-image-110\" srcset=\"https:\/\/escapar.cdn.eu.com\/wp-content\/uploads\/2022\/12\/M1-1024x521.png 1024w, https:\/\/escapar.cdn.eu.com\/wp-content\/uploads\/2022\/12\/M1-300x153.png 300w, https:\/\/escapar.cdn.eu.com\/wp-content\/uploads\/2022\/12\/M1-768x390.png 768w, https:\/\/escapar.cdn.eu.com\/wp-content\/uploads\/2022\/12\/M1-1536x781.png 1536w, https:\/\/escapar.cdn.eu.com\/wp-content\/uploads\/2022\/12\/M1.png 1920w\" sizes=\"auto, (max-width: 1024px) 100vw, 1024px\" \/><figcaption class=\"wp-element-caption\"><strong>Zwischen dem britischen und spanischen (gr\u00fcn) Besatzungsgebiet gab es im Eigentlichen keine klare Grenze, denn dort lagen die &#8222;Great Plains&#8220; &#8211; ein von Native Americans dominiertes Gebiet.<\/strong><\/figcaption><\/figure>\n\n\n\n<figure class=\"wp-block-table is-style-stripes\"><table><tbody><tr><td><strong>1807-1814<\/strong><\/td><td>Schw\u00e4chung Spaniens durch Feldzug Napoleons auf iberischer Halbinsel<br>Beg\u00fcnstigte die Unabh\u00e4ngigkeitsbestreben Mexikos<\/td><\/tr><tr><td><strong>1810-1822<br>(1823)<\/strong><\/td><td>Spanien wollte das so nicht hinnehmen, sodass die Frage um eine Unabh\u00e4ngigkeit in einen Unabh\u00e4ngigkeitskrieg m\u00fcndete, den Mexiko 1822 gewann &#8211; wird 1823 zur Republik<\/td><\/tr><tr><td><\/td><td>Die urspr\u00fcngliche Ausdehnung Mexikos sah wie folgt aus:<\/td><\/tr><\/tbody><\/table><\/figure>\n\n\n\n<figure class=\"wp-block-gallery has-nested-images columns-default is-cropped wp-block-gallery-1 is-layout-flex wp-block-gallery-is-layout-flex\">\n<figure class=\"wp-block-image size-large\"><img loading=\"lazy\" decoding=\"async\" width=\"631\" height=\"600\" data-id=\"111\" src=\"https:\/\/escapar.cdn.eu.com\/wp-content\/uploads\/2022\/12\/M2.png\" alt=\"\" class=\"wp-image-111\" srcset=\"https:\/\/escapar.cdn.eu.com\/wp-content\/uploads\/2022\/12\/M2.png 631w, https:\/\/escapar.cdn.eu.com\/wp-content\/uploads\/2022\/12\/M2-300x285.png 300w\" sizes=\"auto, (max-width: 631px) 100vw, 631px\" \/><figcaption class=\"wp-element-caption\"><strong>Diese Ausdehnung (1824) hielt nicht lange an &#8211; es gab bis heute viele Gebietsverluste.<\/strong><\/figcaption><\/figure>\n<\/figure>\n\n\n\n<p>Die Gebiete, die Mexiko bis heute abgeben musste, sind Folgende:<\/p>\n\n\n\n<figure class=\"wp-block-gallery has-nested-images columns-default is-cropped wp-block-gallery-2 is-layout-flex wp-block-gallery-is-layout-flex\">\n<figure class=\"wp-block-image size-large\"><img loading=\"lazy\" decoding=\"async\" width=\"1024\" height=\"931\" data-id=\"112\" src=\"https:\/\/escapar.cdn.eu.com\/wp-content\/uploads\/2022\/12\/M3.png\" alt=\"\" class=\"wp-image-112\" srcset=\"https:\/\/escapar.cdn.eu.com\/wp-content\/uploads\/2022\/12\/M3.png 1024w, https:\/\/escapar.cdn.eu.com\/wp-content\/uploads\/2022\/12\/M3-300x273.png 300w, https:\/\/escapar.cdn.eu.com\/wp-content\/uploads\/2022\/12\/M3-768x698.png 768w\" sizes=\"auto, (max-width: 1024px) 100vw, 1024px\" \/><\/figure>\n<\/figure>\n\n\n\n<p>Gebietsverluste an der US-mexikanischen Grenze:<\/p>\n\n\n\n<figure class=\"wp-block-table is-style-stripes\"><table><tbody><tr><td><strong>nach der Unabh\u00e4ngigkeit:<\/strong><\/td><td>An der US-mexikanischen Grenze drangen damals Pelzh\u00e4ndler und Mormonen in formal mexikanisches Gebiet ein und lie\u00dfen sich nieder. Ein Konflikt entstand.<\/td><\/tr><tr><td><strong>1846-1848<\/strong><\/td><td>Mexikanisch-amerikanischer Krieg: Die bedeutendsten Gebietsverluste musste Mexiko nach der Niederlage in diesem Krieg \u00fcber die Provinzen Alta California und Santa Fe de Nuevo M\u00e9xico hinnehmen.<br>Ferner verlor Mexiko beispielsweise auch Texas (1836).<\/td><\/tr><tr><td><strong>1853<\/strong><\/td><td>Die neue Grenzlinie ver\u00e4nderte sich nur noch geringf\u00fcgig durch den Gadsden-Kauf, durch den die USA ein mexikanisches Gebiet (77.700 km\u00b2) im S\u00fcden Arizonas und New Mexicos erwarb.<br>Grund war der Plan des Baus einer Eisenbahnlinie.<\/td><\/tr><\/tbody><\/table><\/figure>\n\n\n\n<figure class=\"wp-block-gallery has-nested-images columns-default is-cropped wp-block-gallery-3 is-layout-flex wp-block-gallery-is-layout-flex\">\n<figure class=\"wp-block-image size-large\"><img loading=\"lazy\" decoding=\"async\" width=\"512\" height=\"466\" data-id=\"114\" src=\"https:\/\/escapar.cdn.eu.com\/wp-content\/uploads\/2022\/12\/M3-1-edited.png\" alt=\"\" class=\"wp-image-114\" srcset=\"https:\/\/escapar.cdn.eu.com\/wp-content\/uploads\/2022\/12\/M3-1-edited.png 512w, https:\/\/escapar.cdn.eu.com\/wp-content\/uploads\/2022\/12\/M3-1-edited-300x273.png 300w\" sizes=\"auto, (max-width: 512px) 100vw, 512px\" \/><figcaption class=\"wp-element-caption\"><strong>Gebietsverluste durch den mexikanisch-amerikanischen Krieg (wei\u00df) und durch den Gadsden-Kauf (rot).<\/strong><\/figcaption><\/figure>\n<\/figure>\n\n\n\n<hr class=\"wp-block-separator has-alpha-channel-opacity\"\/>\n\n\n\n<div class=\"wp-block-buttons is-content-justification-center is-layout-flex wp-container-core-buttons-is-layout-a89b3969 wp-block-buttons-is-layout-flex\">\n<div class=\"wp-block-button\"><a class=\"wp-block-button__link wp-element-button\" href=\"http:\/\/karte.escapar.cdn.eu.com\">N\u00e4chste Karte<\/a><\/div>\n<\/div>\n\n\n\n<figure class=\"wp-block-table is-style-stripes\"><table><tbody><tr><td><strong>Quellen<\/strong><\/td><\/tr><tr><td>Bernal D\u00edaz del Castillo:&nbsp;<em>Geschichte der Eroberung von Mexiko<\/em>&nbsp;(herausgegeben und bearbeitet von Georg A. Narzi\u00df). Insel-Verlag, Frankfurt am Main 1988.<\/td><\/tr><tr><td><em>Wikimedia<\/em><\/td><\/tr><\/tbody><\/table><\/figure>\n","protected":false},"excerpt":{"rendered":"<p>vor Kolumbus Urspr\u00fcnglich war das heutige Mexiko von Azteken besiedelt, dessen drei m\u00e4chtigste St\u00e4dte in einem Dreibund \u00fcber das Gebiet herrschten 1519-1521 Gebiet wurde von der Kolonialmacht Spanien erobert Kolonialzeit Zu Zeiten gr\u00f6\u00dfter Ausdehnung (~1863) beanspruchte Spanien de jure gro\u00dfe Teile Nordamerikas (de facto konnte aber nur in den dunkelgr\u00fcn markierten Gebieten Gewalt ausge\u00fcbt werden) [&hellip;]<\/p>\n","protected":false},"author":2,"featured_media":0,"parent":0,"menu_order":0,"comment_status":"closed","ping_status":"closed","template":"","meta":{"footnotes":""},"class_list":["post-103","page","type-page","status-publish","hentry"],"_links":{"self":[{"href":"https:\/\/escapar.cdn.eu.com\/index.php?rest_route=\/wp\/v2\/pages\/103","targetHints":{"allow":["GET"]}}],"collection":[{"href":"https:\/\/escapar.cdn.eu.com\/index.php?rest_route=\/wp\/v2\/pages"}],"about":[{"href":"https:\/\/escapar.cdn.eu.com\/index.php?rest_route=\/wp\/v2\/types\/page"}],"author":[{"embeddable":true,"href":"https:\/\/escapar.cdn.eu.com\/index.php?rest_route=\/wp\/v2\/users\/2"}],"replies":[{"embeddable":true,"href":"https:\/\/escapar.cdn.eu.com\/index.php?rest_route=%2Fwp%2Fv2%2Fcomments&post=103"}],"version-history":[{"count":9,"href":"https:\/\/escapar.cdn.eu.com\/index.php?rest_route=\/wp\/v2\/pages\/103\/revisions"}],"predecessor-version":[{"id":207,"href":"https:\/\/escapar.cdn.eu.com\/index.php?rest_route=\/wp\/v2\/pages\/103\/revisions\/207"}],"wp:attachment":[{"href":"https:\/\/escapar.cdn.eu.com\/index.php?rest_route=%2Fwp%2Fv2%2Fmedia&parent=103"}],"curies":[{"name":"wp","href":"https:\/\/api.w.org\/{rel}","templated":true}]}}